{"id":9247,"date":"2025-06-24T05:29:58","date_gmt":"2025-06-24T05:29:58","guid":{"rendered":"https:\/\/www.less-records.de\/?post_type=product&#038;p=9247"},"modified":"2025-06-24T05:44:48","modified_gmt":"2025-06-24T05:44:48","slug":"quent-forschung-wachstum-auftrieb-zukunft","status":"publish","type":"product","link":"https:\/\/www.less-records.de\/de\/produkt\/quent-forschung-wachstum-auftrieb-zukunft\/","title":{"rendered":"Quent &#8211; Forschung Wachstum Auftrieb Zukunft"},"content":{"rendered":"<p lang=\"de\">Same same but different? Same same but better! Nach dem Motto <em>Never refresh a running stream<\/em> gibt es auf diesem zweiten Album keine verst\u00f6renden Volten im vorauseilenden Gehorsam gegen\u00fcber den Publikumserwartungen und keine schl\u00fcpfrigen Anbiederungen an den wankelm\u00fctigen Zeitgeist (die Sau!). Stattdessen haben QUENT ihren unverwechselbaren LoFi-Elektro-NDW-Plastik-Punk-Daddelautomaten-Pop verdichtet, verfeinert und eingedampft wie einen Jus de Tofu. Und so derma\u00dfen auf den Punkt gebracht, dass es\u2026 na ja, eben einfach derbe flasht. (Vorsicht, Jugendsprache!). Release: 4. Juli 2025.<\/p>\n<p><strong>Tracklist:<\/strong><\/p>\n<ol>\n<li style=\"font-weight: 400;\">HASENHEIM<\/li>\n<li style=\"font-weight: 400;\">E-SCOOTER EGOSHOOTER<\/li>\n<li style=\"font-weight: 400;\">AUTOMAT<\/li>\n<li style=\"font-weight: 400;\">DONNERSTAG<\/li>\n<li style=\"font-weight: 400;\">DICKER ALTER BRUDER<\/li>\n<li style=\"font-weight: 400;\">SYNERGIE<\/li>\n<li style=\"font-weight: 400;\">SCHEISSGEF\u00dcHL<\/li>\n<li style=\"font-weight: 400;\">EINFACH GETAN<\/li>\n<li style=\"font-weight: 400;\">I LIKE<\/li>\n<li style=\"font-weight: 400;\">GEILER<\/li>\n<li style=\"font-weight: 400;\">ZWEI M\u00dcDE RAKETEN<\/li>\n<li style=\"font-weight: 400;\">APATHIE<\/li>\n<\/ol>\n<p><strong>Pressestimmen (zum\u00a0<\/strong><b>Deb\u00fctalbum):<\/b><\/p>\n<p>Klaus Fiehe (EinsLive): &#8220;<em>Das Album ist richtig gut geworden. Erinnert an die neue Deutsche Welle rund um Der Plan. Es kann aber auch Kraut, Elektro, Rock&#8217;n Roll. Ich hatte 3 oder vier Songs, die ich hier liebend gern gespielt h\u00e4tte.&#8221;<\/em><\/p>\n<p>Coolibri: &#8220;<em>Gro\u00dfe Empfehlung! Klanglich \u00fcberzeugt das Deb\u00fctalbum mit knalligem Mix aus Indierock, Electronica Pop und Neuer Deutscher Welle, f\u00e4llt irgendwo zwischen New Order, Supershirt, Major Tom und Frittenbude. Inhaltlich kritisiert man mal auf Deutsch, mal auf Englisch gesellschaftliche und zwischenmenschliche Ph\u00e4nomene. QUENT hat Durchschlagskraft, viele tanzbare Momente und erfrischend viel inhaltliche Dichte.&#8221;<\/em><\/p>\n<p>Rheinische Post<em>: &#8220;K\u00f6nig und Schmidt haben ein erstaunliches Pop-Album produziert &#8230; darauf findet sich ein fantastischer Song wie \u201eR\u00dcCKW\u00c4RTSEVOLUTION, der in einer atemlosen Bilder-Reihung zu einem treibenden Elektro-Pop-Sound eine vergangene Welt auferstehen l\u00e4sst. Einige Titel erinnern an den Sound der Band The Notwist.&#8221;<\/em><\/p>","protected":false},"excerpt":{"rendered":"<p>Quent Debut Album released in 2020. Digipack CD.<\/p>","protected":false},"featured_media":9248,"template":"","meta":{"_acf_changed":false},"product_cat":[74,75,82],"product_tag":[],"acf":[],"_links":{"self":[{"href":"https:\/\/www.less-records.de\/de\/wp-json\/wp\/v2\/product\/9247"}],"collection":[{"href":"https:\/\/www.less-records.de\/de\/wp-json\/wp\/v2\/product"}],"about":[{"href":"https:\/\/www.less-records.de\/de\/wp-json\/wp\/v2\/types\/product"}],"wp:featuredmedia":[{"embeddable":true,"href":"https:\/\/www.less-records.de\/de\/wp-json\/wp\/v2\/media\/9248"}],"wp:attachment":[{"href":"https:\/\/www.less-records.de\/de\/wp-json\/wp\/v2\/media?parent=9247"}],"wp:term":[{"taxonomy":"product_cat","embeddable":true,"href":"https:\/\/www.less-records.de\/de\/wp-json\/wp\/v2\/product_cat?post=9247"},{"taxonomy":"product_tag","embeddable":true,"href":"https:\/\/www.less-records.de\/de\/wp-json\/wp\/v2\/product_tag?post=9247"}],"curies":[{"name":"wp","href":"https:\/\/api.w.org\/{rel}","templated":true}]}}