{"id":7759,"date":"2021-12-28T09:04:23","date_gmt":"2021-12-28T09:04:23","guid":{"rendered":"https:\/\/www.less-records.de\/?post_type=product&#038;p=7759"},"modified":"2022-01-09T07:48:52","modified_gmt":"2022-01-09T07:48:52","slug":"quent-quent-cd","status":"publish","type":"product","link":"https:\/\/www.less-records.de\/de\/produkt\/quent-quent-cd\/","title":{"rendered":"Quent &#8211; Quent CD"},"content":{"rendered":"<p>Does good music require the proximity of its musicians?<\/p>\n<p>Definitely not here. Veit K\u00f6nig (Mikrovolt, K\u00f6ln) and Lars Schmidt (Subterfuge, D\u00fcsseldorf) haven&#8217;t met in fifteen years, hardly have spoken over the phone. Instead they shared their parts via email, always following the same pattern: music &#8211; send &#8211; lyrics &#8211; vocals &#8211; send &#8211; mix &#8211; master &#8211; done. This digital long-distance relationship resulted in twelve songs with quite an analogue synth pop appeal. Here is Quent&#8217;s self-titled debut album (April 17th, 2020)<\/p>\n<p><strong>Tracklist:<\/strong><br \/>\n01. Politik<br \/>\n02. R\u00fcckw\u00e4rtsevolution<br \/>\n03. Dramatic Perhaps<br \/>\n04. Freitag<br \/>\n05. Singledilemma<br \/>\n06. Dancing Girls<br \/>\n07. Batteriebetrieb<br \/>\n08. Done With Love<br \/>\n09. Keine Fragen<br \/>\n10. Treppen Rauf<br \/>\n11. Und Weiter<br \/>\n12. Neue Belmondos<\/p>\n<p><strong>What the press said:<\/strong><\/p>\n<p>Klaus Fiehe (EinsLive): &#8220;<em>Das Album ist richtig gut geworden. Erinnert an die neue Deutsche Welle rund um Der Plan. Es kann aber auch Kraut, Elektro, Rock&#8217;n Roll. Ich hatte 3 oder vier Songs, die ich hier liebend gern gespielt h\u00e4tte.&#8221;<\/em><\/p>\n<p>Coolibri: &#8220;<em>Gro\u00dfe Empfehlung! Klanglich \u00fcberzeugt das Deb\u00fctalbum mit knalligem Mix aus Indierock, Electronica Pop und Neuer Deutscher Welle, f\u00e4llt irgendwo zwischen New Order, Supershirt, Major Tom und Frittenbude. Inhaltlich kritisiert man mal auf Deutsch, mal auf Englisch gesellschaftliche und zwischenmenschliche Ph\u00e4nomene. QUENT hat Durchschlagskraft, viele tanzbare Momente und erfrischend viel inhaltliche Dichte.&#8221;<\/em><\/p>\n<p>Rheinische Post<em>: &#8220;K\u00f6nig und Schmidt haben ein erstaunliches Pop-Album produziert &#8230; darauf findet sich ein fantastischer Song wie \u201eR\u00dcCKW\u00c4RTSEVOLUTION, der in einer atemlosen Bilder-Reihung zu einem treibenden Elektro-Pop-Sound eine vergangene Welt auferstehen l\u00e4sst. Einige Titel erinnern an den Sound der Band The Notwist.&#8221;<\/em><\/p>","protected":false},"excerpt":{"rendered":"<p>Quent Debut Album released in 2020. Digipack CD.<\/p>","protected":false},"featured_media":7788,"template":"","meta":{"_acf_changed":false},"product_cat":[74,75,82],"product_tag":[],"acf":[],"_links":{"self":[{"href":"https:\/\/www.less-records.de\/de\/wp-json\/wp\/v2\/product\/7759"}],"collection":[{"href":"https:\/\/www.less-records.de\/de\/wp-json\/wp\/v2\/product"}],"about":[{"href":"https:\/\/www.less-records.de\/de\/wp-json\/wp\/v2\/types\/product"}],"wp:featuredmedia":[{"embeddable":true,"href":"https:\/\/www.less-records.de\/de\/wp-json\/wp\/v2\/media\/7788"}],"wp:attachment":[{"href":"https:\/\/www.less-records.de\/de\/wp-json\/wp\/v2\/media?parent=7759"}],"wp:term":[{"taxonomy":"product_cat","embeddable":true,"href":"https:\/\/www.less-records.de\/de\/wp-json\/wp\/v2\/product_cat?post=7759"},{"taxonomy":"product_tag","embeddable":true,"href":"https:\/\/www.less-records.de\/de\/wp-json\/wp\/v2\/product_tag?post=7759"}],"curies":[{"name":"wp","href":"https:\/\/api.w.org\/{rel}","templated":true}]}}