{"id":7726,"date":"2021-12-27T05:04:29","date_gmt":"2021-12-27T05:04:29","guid":{"rendered":"https:\/\/www.less-records.de\/?post_type=product&#038;p=7726"},"modified":"2022-01-09T07:47:22","modified_gmt":"2022-01-09T07:47:22","slug":"tom-blankenberg-atermus-lp","status":"publish","type":"product","link":"https:\/\/www.less-records.de\/de\/produkt\/tom-blankenberg-atermus-lp\/","title":{"rendered":"Tom Blankenberg &#8211; atermus &#8211; LP"},"content":{"rendered":"<div class=\"\"><b class=\"\">atermus<\/b><\/div>\n<div class=\"\"><b class=\"\">\u00a0<\/b><\/div>\n<div class=\"\">\u201cI like small things, the nearness, the quietness &#8230; like crumbs, droplets, seconds. And i like blurriness.\u201d<\/div>\n<div class=\"\"><br class=\"\" \/>&#8220;atermus&#8221; is the debut album of Duesseldorf composer, producer and sound designer Tom Blankenberg.<br class=\"\" \/>13 minimal solo piano tracks in an undefined mixture of classical, jazz, avant-garde, score and song are creating a unique Neo-Film-Noir soundtrack with subtle, melancholic melodies rising over dense and tensioned harmonies, &#8220;Like an impressionistic painting&#8221; a listener once said. Or \u201e\u2026as if Bill Evans were communing with Arvo P\u00e4rt.\u201d.<\/div>\n<div><\/div>\n<div class=\"\">With his album, an amalgamation of decades as being a musician, composer and sound designer, but first of all a music lover, Tom Blankenbergs\u00a0approach on the new, popular \u201eNeoclassical\u201c genre, that more often take place outside of the concert hall, is very genuine &#8211; no effects, no loops and no\u00a0electronics.<br class=\"\" \/>Pure piano &#8211; intimate, delicate, quiet and deep. A rest for 21st century minds. \u201eatermus\u201c is available here at Less Records on vinyl and CD as well as on streaming platforms.<\/div>\n<div><\/div>\n<p><!--more--><\/p>\n<div><strong>Tracklist:<\/strong><\/div>\n<div class=\"\">01. tori &#8211; 3:52<\/div>\n<div class=\"\">02. juni &#8211; 2:53<\/div>\n<div class=\"\">03. london fields &#8211; 3:48<\/div>\n<div class=\"\">04. femto &#8211; 0:59<\/div>\n<div class=\"\">05. august &#8211; 2:52<\/div>\n<div class=\"\">06. benkhausen &#8211; 4:14<\/div>\n<div class=\"\">07. m\u00e4rz &#8211; 4:17<\/div>\n<div class=\"\"><\/div>\n<div class=\"\">08. atermus\/reprise &#8211; 6:11<\/div>\n<div class=\"\">09. 09h53 &#8211; 2:01<\/div>\n<div class=\"\">10. oktober &#8211; 4:37<\/div>\n<div class=\"\">11. hirundo &#8211; 2:36<\/div>\n<div class=\"\">12. november &#8211; 3:38<\/div>\n<div class=\"\">13. nesuto &#8211; 1:49<\/div>\n<div class=\"\">released February 17, 2019<\/div>\n<div class=\"\">\n<p><br class=\"\" \/>composed and performed by tom blankenberg<br class=\"\" \/>recorded at van heys studio, kleve<br class=\"\" \/>except \u201enesuto\u201c recorded at convoi studios, d\u00fcsseldorf<br class=\"\" \/>mixed and mastered by kai blankenberg at<br class=\"\" \/>skyline tonfabrik, d\u00fcsseldorf<br class=\"\" \/>cover art by hiroshi kawano \u00a9 1966 zkm, center for art and media, karlsruhe,<br class=\"\" \/>design by tg mauss, d\u00fcsseldorf<br class=\"\" \/>\u00a9 2019 by tom blankenberg, released by less records, germany<\/p>\n<div class=\"\"><\/div>\n<div class=\"\"><strong>What the press said:<\/strong><\/div>\n<div class=\"\">\u201eGenre bending!\u201d 10\/10 &#8211;\u00a0PrettyInNoise<\/div>\n<div class=\"\">&#8220;Album Of The Month\u201c &#8211; Coolibri magazine<\/div>\n<div class=\"\">\u201cThis is one of the best contemplative and reflective piano\u00a0albums I\u2019ve heard. I love it!\u201d &#8211; Pianodao<\/div>\n<div class=\"\">\u201eSoundtrack f\u00fcr den gegl\u00fcckten Tag. Muss man h\u00f6ren.\u201d &#8211;\u00a0Rheinische Post<\/div>\n<\/div>","protected":false},"excerpt":{"rendered":"<div class=\"\"><b class=\"\">\u201eatermus&#8221;\u00a0<\/b>is the debut album of D\u00fcsseldorf based composer and sound designer Tom Blankenberg. It contains 13 solo piano miniatures located in a space between classical, jazz, avant-garde, score, song and minimal music.<\/div>","protected":false},"featured_media":7789,"template":"","meta":{"_acf_changed":false},"product_cat":[74,75,83],"product_tag":[],"acf":[],"_links":{"self":[{"href":"https:\/\/www.less-records.de\/de\/wp-json\/wp\/v2\/product\/7726"}],"collection":[{"href":"https:\/\/www.less-records.de\/de\/wp-json\/wp\/v2\/product"}],"about":[{"href":"https:\/\/www.less-records.de\/de\/wp-json\/wp\/v2\/types\/product"}],"wp:featuredmedia":[{"embeddable":true,"href":"https:\/\/www.less-records.de\/de\/wp-json\/wp\/v2\/media\/7789"}],"wp:attachment":[{"href":"https:\/\/www.less-records.de\/de\/wp-json\/wp\/v2\/media?parent=7726"}],"wp:term":[{"taxonomy":"product_cat","embeddable":true,"href":"https:\/\/www.less-records.de\/de\/wp-json\/wp\/v2\/product_cat?post=7726"},{"taxonomy":"product_tag","embeddable":true,"href":"https:\/\/www.less-records.de\/de\/wp-json\/wp\/v2\/product_tag?post=7726"}],"curies":[{"name":"wp","href":"https:\/\/api.w.org\/{rel}","templated":true}]}}