{"id":7720,"date":"2021-12-27T05:04:27","date_gmt":"2021-12-27T05:04:27","guid":{"rendered":"https:\/\/www.less-records.de\/?post_type=product&#038;p=7720"},"modified":"2022-01-07T09:58:54","modified_gmt":"2022-01-07T09:58:54","slug":"subterfuge-marc-cd","status":"publish","type":"product","link":"https:\/\/www.less-records.de\/de\/produkt\/subterfuge-marc-cd\/","title":{"rendered":"Subterfuge \u2013 Marc \u2013 CD"},"content":{"rendered":"<p>2nd Subterfuge album from 1996. 2001 re-release (Langstrumpf Records) as a jewel case CD incl. 4 bonus tracks.<\/p>\n<p class=\"p1\"><span class=\"s1\"><strong>Tracklist:<\/strong><br \/>\n01. Swirled<br \/>\n<\/span><span class=\"s1\">02. River Of No Return<br \/>\n<\/span><span class=\"s1\">03. Fist Fuck Photo<br \/>\n<\/span><span class=\"s1\">04. Sauna<br \/>\n<\/span><span class=\"s1\">05. Awareness<br \/>\n<\/span><span class=\"s1\">06. All Alone<br \/>\n<\/span><span class=\"s1\">07. Jack<br \/>\n<\/span><span class=\"s1\">08. I Will Never Ever<br \/>\n<\/span><span class=\"s1\">09. Localization Blur<br \/>\n<\/span><span class=\"s1\">10. Conval Hockey<br \/>\n<\/span><span class=\"s1\">11. And Again<\/span><\/p>\n<p class=\"p1\"><span class=\"s1\">Bonus Tracks (on this second edition):<br \/>\n<\/span><span class=\"s1\">12. Pressure Generation<br \/>\n<\/span>13. Keep On Loving You<br \/>\n<span class=\"s1\">14. They Don&#8217;t Know<br \/>\n<\/span><span class=\"s1\">15. Moviestar<\/span><\/p>\n<p><strong>What the press said:<\/strong><\/p>\n<p>Prinz<em>: EinsLive Moderatorklaus Fiehe z\u00e4hlt zu ihren gr\u00f6\u00dften Fans, auch DJ John Peel\u00a0 <\/em><em>spielte ihre St\u00fccke schon in seiner legend\u00e4ren \u201ePeel Session\u201c auf BFBS<br \/>\n<\/em><\/p>\n<p>Fachblatt:<em> Die perle des Monats kommt jedoch ohne Zweifel <\/em><em>aus D\u00fcsseldorf von Subterfuge<br \/>\n<\/em><\/p>\n<p>Intro:<em> W<\/em><em>enn nach der Kulturrevolution noch Popmusik gespielt werden darf,\u00a0 <\/em><em>sollte sie so klingen. Marc hat das zeug zum Klassiker!<\/em><\/p>","protected":false},"excerpt":{"rendered":"<p>2nd Subterfuge album from 1996, Langstrumpf Records. Second CD edition from 2001 incl. 4 bonus tracks.<\/p>\n<p>&nbsp;<\/p>\n<p>&nbsp;<\/p>","protected":false},"featured_media":7846,"template":"","meta":{"_acf_changed":false},"product_cat":[74,75,82],"product_tag":[],"acf":[],"_links":{"self":[{"href":"https:\/\/www.less-records.de\/de\/wp-json\/wp\/v2\/product\/7720"}],"collection":[{"href":"https:\/\/www.less-records.de\/de\/wp-json\/wp\/v2\/product"}],"about":[{"href":"https:\/\/www.less-records.de\/de\/wp-json\/wp\/v2\/types\/product"}],"wp:featuredmedia":[{"embeddable":true,"href":"https:\/\/www.less-records.de\/de\/wp-json\/wp\/v2\/media\/7846"}],"wp:attachment":[{"href":"https:\/\/www.less-records.de\/de\/wp-json\/wp\/v2\/media?parent=7720"}],"wp:term":[{"taxonomy":"product_cat","embeddable":true,"href":"https:\/\/www.less-records.de\/de\/wp-json\/wp\/v2\/product_cat?post=7720"},{"taxonomy":"product_tag","embeddable":true,"href":"https:\/\/www.less-records.de\/de\/wp-json\/wp\/v2\/product_tag?post=7720"}],"curies":[{"name":"wp","href":"https:\/\/api.w.org\/{rel}","templated":true}]}}