{"id":9286,"date":"2025-07-04T07:18:54","date_gmt":"2025-07-04T07:18:54","guid":{"rendered":"https:\/\/www.less-records.de\/?page_id=9286"},"modified":"2025-07-04T07:18:54","modified_gmt":"2025-07-04T07:18:54","slug":"quent-album-fortschritt-wachstum-auftrieb-zukunft","status":"publish","type":"page","link":"https:\/\/www.less-records.de\/de\/quent\/quent-album-fortschritt-wachstum-auftrieb-zukunft\/","title":{"rendered":"Quent &#8211; Album Fortschritt Wachstum Auftrieb Zukunft"},"content":{"rendered":"<section class=\"l-section wpb_row height_medium\"><div class=\"l-section-h i-cf\"><div class=\"g-cols vc_row via_grid cols_1 laptops-cols_inherit tablets-cols_inherit mobiles-cols_1 valign_top type_default stacking_default\"><div class=\"wpb_column vc_column_container\"><div class=\"vc_column-inner\"><div class=\"w-image align_none\"><div class=\"w-image-h\"><img decoding=\"async\" width=\"1024\" height=\"273\" src=\"https:\/\/www.less-records.de\/wp-content\/uploads\/2025\/07\/Banner-Album-FAWZ-3000x800-EPK-1024x273.jpg\" class=\"attachment-large size-large\" alt=\"\" loading=\"lazy\" srcset=\"https:\/\/www.less-records.de\/wp-content\/uploads\/2025\/07\/Banner-Album-FAWZ-3000x800-EPK-1024x273.jpg 1024w, https:\/\/www.less-records.de\/wp-content\/uploads\/2025\/07\/Banner-Album-FAWZ-3000x800-EPK-300x80.jpg 300w, https:\/\/www.less-records.de\/wp-content\/uploads\/2025\/07\/Banner-Album-FAWZ-3000x800-EPK-18x5.jpg 18w, https:\/\/www.less-records.de\/wp-content\/uploads\/2025\/07\/Banner-Album-FAWZ-3000x800-EPK-768x205.jpg 768w, https:\/\/www.less-records.de\/wp-content\/uploads\/2025\/07\/Banner-Album-FAWZ-3000x800-EPK-800x213.jpg 800w, https:\/\/www.less-records.de\/wp-content\/uploads\/2025\/07\/Banner-Album-FAWZ-3000x800-EPK-400x107.jpg 400w, https:\/\/www.less-records.de\/wp-content\/uploads\/2025\/07\/Banner-Album-FAWZ-3000x800-EPK-1000x267.jpg 1000w, https:\/\/www.less-records.de\/wp-content\/uploads\/2025\/07\/Banner-Album-FAWZ-3000x800-EPK-600x160.jpg 600w\" sizes=\"(max-width: 1024px) 100vw, 1024px\" \/><\/div><\/div><\/div><\/div><\/div><\/div><\/section><section class=\"l-section wpb_row height_auto\"><div class=\"l-section-h i-cf\"><div class=\"g-cols vc_row via_grid cols_1 laptops-cols_inherit tablets-cols_inherit mobiles-cols_1 valign_top type_default stacking_default\"><div class=\"wpb_column vc_column_container\"><div class=\"vc_column-inner\"><div class=\"wpb_text_column\"><div class=\"wpb_wrapper\"><h2 lang=\"de\">Album: Fortschritt Wachstum Auftrieb Zukunft<\/h2>\n<div class=\"\">\n<p style=\"font-weight: 400;\">Sie haben es einfach getan. F\u00fcnf Jahre nach dem selbstbetitelten Deb\u00fct ver\u00f6ffentlicht das K\u00f6ln-D\u00fcsseldorfer Duo <strong>QUENT<\/strong> sein zweites Album \u201eFortschritt Wachstum Auftrieb Zukunft\u201c auf Less Records im Vertrieb von Cargo.<\/p>\n<p style=\"font-weight: 400;\">Lars Schmidt (Subterfuge, The Radio Field) aus D\u00fcsseldorf und Veit K\u00f6nig (Mikrovolt) aus K\u00f6ln begr\u00fcnden damit endg\u00fcltig eine neue Achse des Guten quer \u00fcber den Rhein und das Waldnaturschutzgebiet Knechsteden. Mit modernsten Mitteln wie digitaler Daten\u00fcbertragung, Schlagzeugmaschinen, Elektroorgeln und Stromgitarren setzen sie dem wuchernden Achsengeflecht des B\u00f6sen (E-Scooter &#8211; USA &#8211; AfD &#8211; Klimawandel &#8211; Elon Musk &#8211; Mordor &#8211; Russland &#8211; Pizza Hawaii) etwas entgegen: Fortschritt statt R\u00fcckw\u00e4rtsevolution! Wachstum statt Verzwergung! Auftrieb statt Untergang des Welthandels! Zukunft statt Ewiggestrig! Wurde &#8211; verdammt nochmal! &#8211; auch mal Zeit.<\/p>\n<p style=\"font-weight: 400;\">Same same but different? Same same but better! Nach dem Motto Never refresh a running stream gibt es auf dem neuen Album keine verst\u00f6renden Volten im vorauseilenden Gehorsam gegen\u00fcber den Publikumserwartungen und keine schl\u00fcpfrigen Anbiederungen an den wankelm\u00fctigen Zeitgeist (die Sau!). Stattdessen haben QUENT ihren unverwechselbaren LoFi-Elektro-NDW-Plastik-Punk-Daddelautomaten-Pop verdichtet, verfeinert und eingedampft wie einen Jus de Tofu. Und so derma\u00dfen auf den Punkt gebracht, dass es\u2026 na ja, eben einfach derbe flasht. (Vorsicht, Jugendsprache!) Wir wollen ja auch nicht zu viel verraten.<\/p>\n<p style=\"font-weight: 400;\">Was nicht hei\u00dft, dass es nicht auch ein paar \u00dcberraschungen gibt! Manche Songs sind k\u00fcrzer als andere (90 Sekunden\u2026 ist das schon Hardcore?), andere sind lauter als jene, und manche haben mehr Akkorde als diese. Und das ist doch auch schon etwas. Und als Sahneh\u00e4ubchen auf dem Instant-Kaffee mit Schuss gibt es eine locker aus der H\u00fcfte geschleuderte, unerwartete Coverversion der kanadischen Doom-Sludge-Pioniere Men Without Hats (Kennen Sie noch \u201eThe Safety Dance\u201c? Der Tanz war allerdings nicht so sicher, wie damals behauptet wurde!). Mehr ideologischer Postmodernismus geht nun wirklich nicht.<\/p>\n<p style=\"font-weight: 400;\">So ist \u201eFortschritt Wachstum Auftrieb Zukunft\u201c das perfekte musikalische Manifest f\u00fcr das anbrechende postfaktisch-komat\u00f6se Vaping-Zeitalter. Ein Album wie ein geselliger C64 Spieleabend mit Lik\u00f6rverk\u00f6stigung und Stromradiator am Kaugummi-Automaten an der Tanke an der Rastst\u00e4tte an der Kraftfahrstra\u00dfe B9.<\/p>\n<p style=\"font-weight: 400;\">Man kann es heutzutage nicht oft behaupten, aber hier stimmt es: Vieles war noch niemals so gut.<\/p>\n<p>Album Release <em>Fortschritt Wachstum Auftrieb Zukunft<\/em> am 04.07.2025 via Less Records im Vertrieb von Cargo Records.<\/p>\n<\/div>\n<\/div><\/div><\/div><\/div><\/div><\/div><\/section><section class=\"l-section wpb_row height_medium\"><div class=\"l-section-h i-cf\"><div class=\"g-cols vc_row via_grid cols_4 laptops-cols_inherit tablets-cols_inherit mobiles-cols_1 valign_top type_default stacking_default\"><div class=\"wpb_column vc_column_container\"><div class=\"vc_column-inner\"><div class=\"wpb_text_column\"><div class=\"wpb_wrapper\"><!--[if lt IE 9]><script>document.createElement('audio');<\/script><![endif]-->\n<audio class=\"wp-audio-shortcode\" id=\"audio-9286-1\" preload=\"none\" style=\"width: 100%;\" controls=\"controls\"><source type=\"audio\/mpeg\" src=\"https:\/\/www.less-records.de\/wp-content\/uploads\/2025\/04\/3-Automat.mp3?_=1\" \/><a href=\"https:\/\/www.less-records.de\/wp-content\/uploads\/2025\/04\/3-Automat.mp3\">https:\/\/www.less-records.de\/wp-content\/uploads\/2025\/04\/3-Automat.mp3<\/a><\/audio>\n<p>AUTOMAT<\/p>\n<audio class=\"wp-audio-shortcode\" id=\"audio-9286-2\" preload=\"none\" style=\"width: 100%;\" controls=\"controls\"><source type=\"audio\/mpeg\" src=\"https:\/\/www.less-records.de\/wp-content\/uploads\/2025\/05\/E-Scooter-Egoshooter.mp3?_=2\" \/><a href=\"https:\/\/www.less-records.de\/wp-content\/uploads\/2025\/05\/E-Scooter-Egoshooter.mp3\">https:\/\/www.less-records.de\/wp-content\/uploads\/2025\/05\/E-Scooter-Egoshooter.mp3<\/a><\/audio>\n<p>E-SCOOTER EGOSHOOTER<\/p>\n<audio class=\"wp-audio-shortcode\" id=\"audio-9286-3\" preload=\"none\" style=\"width: 100%;\" controls=\"controls\"><source type=\"audio\/mpeg\" src=\"https:\/\/www.less-records.de\/wp-content\/uploads\/2025\/05\/Dicker-Alter-Bruder.mp3?_=3\" \/><a href=\"https:\/\/www.less-records.de\/wp-content\/uploads\/2025\/05\/Dicker-Alter-Bruder.mp3\">https:\/\/www.less-records.de\/wp-content\/uploads\/2025\/05\/Dicker-Alter-Bruder.mp3<\/a><\/audio>\n<p>DICKER ALTER BRUDER<\/p>\n<p>(Download unten)<\/p>\n<\/div><\/div><\/div><\/div><div class=\"wpb_column vc_column_container\"><div class=\"vc_column-inner\"><div class=\"wpb_text_column\"><div class=\"wpb_wrapper\"><p>Airdate 2025-07-04<br \/>\nDistributed by Cargo Records Germany<\/p>\n<\/div><\/div><\/div><\/div><div class=\"wpb_column vc_column_container\"><div class=\"vc_column-inner\"><div class=\"wpb_text_column\"><div class=\"wpb_wrapper\"><p>Less Records<br \/>\nAll Rights Reserved<br \/>\nLabel Code LC93047<br \/>\nLER0048 (Digital)<br \/>\nLER0049 (CD)<\/p>\n<\/div><\/div><\/div><\/div><div class=\"wpb_column vc_column_container\"><div class=\"vc_column-inner\"><div class=\"w-socials color_link shape_square style_default hover_fade\"><div class=\"w-socials-list\"><div class=\"w-socials-item facebook\"><a target=\"_blank\" rel=\"nofollow\" href=\"https:\/\/www.facebook.com\/Quentband\" class=\"w-socials-item-link\" title=\"Facebook\" aria-label=\"Facebook\"><span class=\"w-socials-item-link-hover\"><\/span><i class=\"fab fa-facebook\"><\/i><\/a><div class=\"w-socials-item-popup\"><span>Facebook<\/span><\/div><\/div><div class=\"w-socials-item instagram\"><a target=\"_blank\" rel=\"nofollow\" href=\"https:\/\/www.instagram.com\/quentband\" class=\"w-socials-item-link\" title=\"Instagram\" aria-label=\"Instagram\"><span class=\"w-socials-item-link-hover\"><\/span><i class=\"fab fa-instagram\"><\/i><\/a><div class=\"w-socials-item-popup\"><span>Instagram<\/span><\/div><\/div><div class=\"w-socials-item youtube\"><a href=\"https:\/\/www.youtube.com\/@less_records\" class=\"w-socials-item-link\" title=\"YouTube\" aria-label=\"YouTube\"><span class=\"w-socials-item-link-hover\"><\/span><i class=\"fab fa-youtube\"><\/i><\/a><div class=\"w-socials-item-popup\"><span>YouTube<\/span><\/div><\/div><div class=\"w-socials-item soundcloud\"><a href=\"https:\/\/soundcloud.com\/wearequent\" class=\"w-socials-item-link\" title=\"SoundCloud\" aria-label=\"SoundCloud\"><span class=\"w-socials-item-link-hover\"><\/span><i class=\"fab fa-soundcloud\"><\/i><\/a><div class=\"w-socials-item-popup\"><span>SoundCloud<\/span><\/div><\/div><\/div><\/div><\/div><\/div><\/div><\/div><\/section><section class=\"l-section wpb_row height_medium\"><div class=\"l-section-h i-cf\"><div class=\"g-cols vc_row via_grid cols_1 laptops-cols_inherit tablets-cols_inherit mobiles-cols_1 valign_top type_default stacking_default\"><div class=\"wpb_column vc_column_container\"><div class=\"vc_column-inner\"><div class=\"wpb_text_column us_custom_5c29fdf3\"><div class=\"wpb_wrapper\"><h2><strong>Pressestimmen (zum Deb\u00fctalbum):<\/strong><\/h2>\n<p style=\"margin: 0in; font-family: Calibri; font-size: 11.0pt;\">&#8220;Das Album ist richtig gut geworden. Erinnert an die neue Deutsche Welle rund um Der Plan. Es kann aber auch Kraut, Elektro, Rock&#8217;n Roll. Ich hatte 3 oder vier Songs, die ich hier liebend gern gespielt h\u00e4tte.&#8221; (KLAUS FIEHE)<\/p>\n<p style=\"margin: 0in; font-family: Calibri; font-size: 11.0pt;\">&#8220;Songs wie Batteriebetrieb oder auch R\u00fcckw\u00e4rtsevolution haben absolutes Hitpotenzial.&#8221; (NRZ)<\/p>\n<p style=\"margin: 0in; font-family: Calibri; font-size: 11.0pt;\">&#8220;Erstaunlich stimmiges und eing\u00e4ngiges Pop-Album &#8230; So ist ein fantastischer Song wie \u201eR\u00fcckw\u00e4rtsevolution\u201c entstanden, der in einer atemlosen Bilder-Reihung zu einem treibenden Elektro-Pop-Sound eine vergangene Welt auferstehen l\u00e4sst.&#8221; (RHEINISCHE POST)<\/p>\n<p style=\"margin: 0in; font-family: Calibri; font-size: 11.0pt;\">&#8220;Quent hat Durchschlagskraft, viele tanzbare Momente und erfrischend viel inhaltliche Dichte. Gro\u00dfe Empfehlung.&#8221; (COOLIBRI)<\/p>\n<\/div><\/div><\/div><\/div><\/div><\/div><\/section><section class=\"l-section wpb_row height_medium\"><div class=\"l-section-h i-cf\"><div class=\"g-cols vc_row via_grid cols_2-1 laptops-cols_inherit tablets-cols_inherit mobiles-cols_1 valign_top type_default stacking_default\"><div class=\"wpb_column vc_column_container\"><div class=\"vc_column-inner\"><div class=\"wpb_text_column\"><div class=\"wpb_wrapper\"><h2>Downloads (rechte Maustaste)<\/h2>\n<p><a ref=\"magnificPopup\" href=\"https:\/\/www.less-records.de\/wp-content\/uploads\/2025\/07\/Cover-Digital-500x500-1.jpg\">Artwork 500&#215;500<\/a><br \/>\n<a ref=\"magnificPopup\" href=\"https:\/\/www.less-records.de\/wp-content\/uploads\/2025\/07\/Cover-Digital-3000x3000-1-scaled.jpg\">Artwork 3000&#215;3000<\/a><br \/>\n<a href=\"https:\/\/drive.google.com\/file\/d\/1tGIQh8D2iaM8OYgGGOyIMTAkUxR9aFNg\/view?usp=share_link\">Album ZIP (MP3)<\/a><br \/>\n<a ref=\"magnificPopup\" href=\"https:\/\/www.less-records.de\/wp-content\/uploads\/2025\/04\/Quent_2020_8bit-scaled.jpg\">Bandfoto 8bit<\/a><br \/>\n<a ref=\"magnificPopup\" href=\"https:\/\/www.less-records.de\/wp-content\/uploads\/2025\/04\/Quent_2020_Ministeck-scaled.jpg\">Bandfoto Ministeck<\/a><br \/>\n<a href=\"https:\/\/www.less-records.de\/wp-content\/uploads\/2025\/05\/Quent-Info-2025-05-E-Scooter.pdf\">Bandinfo PDF<\/a><\/p>\n<\/div><\/div><\/div><\/div><div class=\"wpb_column vc_column_container\"><div class=\"vc_column-inner\"><div class=\"w-image align_none\"><div class=\"w-image-h\"><img decoding=\"async\" width=\"500\" height=\"500\" src=\"https:\/\/www.less-records.de\/wp-content\/uploads\/2025\/07\/Cover-Digital-500x500-1.jpg\" class=\"attachment-large size-large\" alt=\"\" loading=\"lazy\" srcset=\"https:\/\/www.less-records.de\/wp-content\/uploads\/2025\/07\/Cover-Digital-500x500-1.jpg 500w, https:\/\/www.less-records.de\/wp-content\/uploads\/2025\/07\/Cover-Digital-500x500-1-300x300.jpg 300w, https:\/\/www.less-records.de\/wp-content\/uploads\/2025\/07\/Cover-Digital-500x500-1-150x150.jpg 150w, https:\/\/www.less-records.de\/wp-content\/uploads\/2025\/07\/Cover-Digital-500x500-1-12x12.jpg 12w, https:\/\/www.less-records.de\/wp-content\/uploads\/2025\/07\/Cover-Digital-500x500-1-350x350.jpg 350w, https:\/\/www.less-records.de\/wp-content\/uploads\/2025\/07\/Cover-Digital-500x500-1-450x450.jpg 450w, https:\/\/www.less-records.de\/wp-content\/uploads\/2025\/07\/Cover-Digital-500x500-1-225x225.jpg 225w, https:\/\/www.less-records.de\/wp-content\/uploads\/2025\/07\/Cover-Digital-500x500-1-400x400.jpg 400w, https:\/\/www.less-records.de\/wp-content\/uploads\/2025\/07\/Cover-Digital-500x500-1-100x100.jpg 100w\" sizes=\"(max-width: 500px) 100vw, 500px\" \/><\/div><\/div><\/div><\/div><\/div><\/div><\/section><section class=\"l-section wpb_row height_medium\"><div class=\"l-section-h i-cf\"><div class=\"g-cols vc_row via_grid cols_1 laptops-cols_inherit tablets-cols_inherit mobiles-cols_1 valign_top type_default stacking_default\"><div class=\"wpb_column vc_column_container\"><div class=\"vc_column-inner\"><div class=\"w-video align_none ratio_16x9 has_iframe\"><div class=\"w-video-h\"><iframe title=\"Youtube video player\" src=\"\/\/www.youtube.com\/embed\/rQIhOWobtJ8?autoplay=0&controls=1&origin=https:\/\/www.less-records.de\/de&loop=0&mute=0\" allowfullscreen=\"1\" loading=\"lazy\"><\/iframe><\/div><div class=\"w-video-icon\" style=\"font-size:1.5rem;background:rgba(0,0,0,0.5);color:#fff\"><\/div><\/div><div class=\"w-video align_none ratio_16x9 has_iframe\"><div class=\"w-video-h\"><iframe title=\"Youtube video player\" src=\"\/\/www.youtube.com\/embed\/h3tSkaLMD5s?autoplay=0&controls=1&origin=https:\/\/www.less-records.de\/de&loop=0&mute=0\" allowfullscreen=\"1\" loading=\"lazy\"><\/iframe><\/div><div class=\"w-video-icon\" style=\"font-size:1.5rem;background:rgba(0,0,0,0.5);color:#fff\"><\/div><\/div><\/div><\/div><\/div><\/div><\/section><section class=\"l-section wpb_row height_medium\"><div class=\"l-section-h i-cf\"><div class=\"g-cols vc_row via_grid cols_1 laptops-cols_inherit tablets-cols_inherit mobiles-cols_1 valign_top type_default stacking_default\"><div class=\"wpb_column vc_column_container\"><div class=\"vc_column-inner\">\n\t<div class=\"wpb_raw_code wpb_raw_html wpb_content_element us_custom_909b2fd0\" >\n\t\t<div class=\"wpb_wrapper\">\n\t\t\t<iframe loading=\"lazy\" src=\"https:\/\/open.spotify.com\/embed\/playlist\/72FJvQS1L6r92MuD9VFATn\" width=\"100%\" height=\"380\" frameborder=\"0\" allowtransparency=\"true\" allow=\"encrypted-media\"><\/iframe>\n\n\t\t<\/div>\n\t<\/div>\n<\/div><\/div><\/div><\/div><\/section>","protected":false},"excerpt":{"rendered":"Album: Fortschritt Wachstum Auftrieb Zukunft Sie haben es einfach getan. F\u00fcnf Jahre nach dem selbstbetitelten Deb\u00fct ver\u00f6ffentlicht das K\u00f6ln-D\u00fcsseldorfer Duo QUENT sein zweites Album \u201eFortschritt Wachstum Auftrieb Zukunft\u201c auf Less Records im Vertrieb von Cargo. Lars Schmidt (Subterfuge, The Radio Field) aus D\u00fcsseldorf und Veit K\u00f6nig (Mikrovolt) aus K\u00f6ln begr\u00fcnden damit endg\u00fcltig eine neue Achse...","protected":false},"author":2,"featured_media":0,"parent":6739,"menu_order":0,"comment_status":"closed","ping_status":"closed","template":"","meta":{"_acf_changed":false,"footnotes":""},"categories":[53],"tags":[],"acf":[],"_links":{"self":[{"href":"https:\/\/www.less-records.de\/de\/wp-json\/wp\/v2\/pages\/9286"}],"collection":[{"href":"https:\/\/www.less-records.de\/de\/wp-json\/wp\/v2\/pages"}],"about":[{"href":"https:\/\/www.less-records.de\/de\/wp-json\/wp\/v2\/types\/page"}],"author":[{"embeddable":true,"href":"https:\/\/www.less-records.de\/de\/wp-json\/wp\/v2\/users\/2"}],"replies":[{"embeddable":true,"href":"https:\/\/www.less-records.de\/de\/wp-json\/wp\/v2\/comments?post=9286"}],"version-history":[{"count":7,"href":"https:\/\/www.less-records.de\/de\/wp-json\/wp\/v2\/pages\/9286\/revisions"}],"predecessor-version":[{"id":9296,"href":"https:\/\/www.less-records.de\/de\/wp-json\/wp\/v2\/pages\/9286\/revisions\/9296"}],"up":[{"embeddable":true,"href":"https:\/\/www.less-records.de\/de\/wp-json\/wp\/v2\/pages\/6739"}],"wp:attachment":[{"href":"https:\/\/www.less-records.de\/de\/wp-json\/wp\/v2\/media?parent=9286"}],"wp:term":[{"taxonomy":"category","embeddable":true,"href":"https:\/\/www.less-records.de\/de\/wp-json\/wp\/v2\/categories?post=9286"},{"taxonomy":"post_tag","embeddable":true,"href":"https:\/\/www.less-records.de\/de\/wp-json\/wp\/v2\/tags?post=9286"}],"curies":[{"name":"wp","href":"https:\/\/api.w.org\/{rel}","templated":true}]}}