{"id":8803,"date":"2024-04-24T16:24:35","date_gmt":"2024-04-24T16:24:35","guid":{"rendered":"https:\/\/www.less-records.de\/?page_id=8803"},"modified":"2024-12-06T13:45:51","modified_gmt":"2024-12-06T13:45:51","slug":"voide","status":"publish","type":"page","link":"https:\/\/www.less-records.de\/de\/voide\/","title":{"rendered":"Voide"},"content":{"rendered":"<section class=\"l-section wpb_row height_medium full_height valign_center color_secondary with_img parallax_ver\"><div class=\"l-section-img\" role=\"img\" data-img-width=\"1800\" data-img-height=\"1200\" style=\"background-image: url(https:\/\/www.less-records.de\/wp-content\/uploads\/2024\/04\/header_image-voide02.jpg);\"><\/div><div class=\"l-section-h i-cf\"><div class=\"g-cols vc_row via_grid cols_1 laptops-cols_inherit tablets-cols_inherit mobiles-cols_1 valign_top type_default stacking_default\"><div class=\"wpb_column vc_column_container\"><div class=\"vc_column-inner\"><h1 style=\"font-size: 5rem;text-align: left\" class=\"vc_custom_heading vc_do_custom_heading us_custom_1ac58425\" >Voide<\/h1><div class=\"w-iconbox iconpos_top style_circle color_primary align_center no_text no_title\"><a href=\"#second\" class=\"w-iconbox-link\" aria-label=\"fas|chevron-down\"><div class=\"w-iconbox-icon\" style=\"font-size:24px;\"><i class=\"fas fa-chevron-down\"><\/i><\/div><\/a><div class=\"w-iconbox-meta\"><\/div><\/div><\/div><\/div><\/div><\/div><\/section><section class=\"l-section wpb_row height_large color_alternate\" id=\"second\"><div class=\"l-section-overlay\" style=\"background:#f5b3a8\"><\/div><div class=\"l-section-h i-cf\"><div class=\"g-cols vc_row via_grid cols_1 laptops-cols_inherit tablets-cols_inherit mobiles-cols_1 valign_top type_default stacking_default\"><div class=\"wpb_column vc_column_container\"><div class=\"vc_column-inner\"><div class=\"wpb_text_column\"><div class=\"wpb_wrapper\"><h2 style=\"text-align: center;\">&#8220;milkwood&#8230; how might that sound?&#8221;<br \/>\nBe prepared.<\/h2>\n<\/div><\/div><div class=\"w-separator size_medium with_line width_default thick_1 style_solid color_border align_center\"><div class=\"w-separator-h\"><\/div><\/div><div class=\"g-cols wpb_row via_grid cols_2 laptops-cols_inherit tablets-cols_inherit mobiles-cols_1 valign_top type_default stacking_default\" style=\"--gap:3rem;\"><div class=\"wpb_column vc_column_container\"><div class=\"vc_column-inner\"><div class=\"wpb_text_column\"><div class=\"wpb_wrapper\"><div class=\"page\" title=\"Page 1\">\n<div class=\"layoutArea\">\n<div class=\"column\">\n<div>\n<p>&#8220;Behind VOIDE is the Cologne-based musician and composer Axel Schmidt.&#8221;<\/p>\n<p>After many years as a drummer and percussionist in various bands and projects, he has dedicated himself to his musical roots under this project name.<br \/>\nInfluenced by his enthusiasm for melodic structures in early music, northern folk and jazz on the ECM label, he gives the music of Voide equal space and yet creates tangible closeness and intimacy.<br \/>\nWith the album &#8220;Milkwood&#8221;, he has created piano miniatures that are united by a multi-layered, melancholy undertone and that bridge the gap between ambient music and neoclassical music.<\/p>\n<p>The artistic approach and the album title are inspired by the radio play &#8220;under milk wood&#8221; by the Welsh poet Dylan Thomas and its interweaving of different voices and speech melodies, images and onomatopoeia.<\/p>\n<p>Get your copy here: <a href=\"https:\/\/voide1.bandcamp.com\/album\/milkwood\">BANDCAMP<\/a><\/p>\n<\/div>\n<p>&nbsp;<\/p>\n<\/div>\n<\/div>\n<\/div>\n<\/div><\/div><div class=\"wpb_text_column\"><div class=\"wpb_wrapper\"><p>Links\/Contact:<br \/>\nAxel Schmidt<\/p>\n<p>E-Mail.: <a href=\"mailto:axlschmidt@netcologne.de\">Axel Schmidt<\/a><br \/>\nWeb: <a href=\"http:\/\/www.voide-music.de\">www.voide-music.de<\/a><\/p>\n<\/div><\/div><\/div><\/div><div class=\"wpb_column vc_column_container\"><div class=\"vc_column-inner\"><div class=\"w-image align_none\"><div class=\"w-image-h\"><img decoding=\"async\" width=\"1024\" height=\"725\" src=\"https:\/\/www.less-records.de\/wp-content\/uploads\/2024\/04\/Vinyl_Record_Mockup_Voide-1024x725.jpg\" class=\"attachment-large size-large\" alt=\"\" loading=\"lazy\" srcset=\"https:\/\/www.less-records.de\/wp-content\/uploads\/2024\/04\/Vinyl_Record_Mockup_Voide-1024x725.jpg 1024w, https:\/\/www.less-records.de\/wp-content\/uploads\/2024\/04\/Vinyl_Record_Mockup_Voide-600x425.jpg 600w, https:\/\/www.less-records.de\/wp-content\/uploads\/2024\/04\/Vinyl_Record_Mockup_Voide-300x213.jpg 300w, https:\/\/www.less-records.de\/wp-content\/uploads\/2024\/04\/Vinyl_Record_Mockup_Voide-18x12.jpg 18w, https:\/\/www.less-records.de\/wp-content\/uploads\/2024\/04\/Vinyl_Record_Mockup_Voide-768x544.jpg 768w, https:\/\/www.less-records.de\/wp-content\/uploads\/2024\/04\/Vinyl_Record_Mockup_Voide-635x450.jpg 635w, https:\/\/www.less-records.de\/wp-content\/uploads\/2024\/04\/Vinyl_Record_Mockup_Voide-318x225.jpg 318w, https:\/\/www.less-records.de\/wp-content\/uploads\/2024\/04\/Vinyl_Record_Mockup_Voide-706x500.jpg 706w\" sizes=\"(max-width: 1024px) 100vw, 1024px\" \/><\/div><\/div><div class=\"wpb_text_column\"><div class=\"wpb_wrapper\"><p>&#8220;milkwood&#8221; is out on 21.06.2024<\/p>\n<\/div><\/div><div class=\"w-separator size_medium\"><\/div><div class=\"w-socials us_custom_a6ceb248 color_text shape_circle style_outlined hover_fade\" style=\"--gap:0.1em;\"><div class=\"w-socials-list\"><div class=\"w-socials-item instagram\"><a target=\"_blank\" rel=\"nofollow\" href=\"https:\/\/www.instagram.com\/voide_music\" class=\"w-socials-item-link\" title=\"Instagram\" aria-label=\"Instagram\"><span class=\"w-socials-item-link-hover\"><\/span><i class=\"fab fa-instagram\"><\/i><\/a><div class=\"w-socials-item-popup\"><span>Instagram<\/span><\/div><\/div><div class=\"w-socials-item youtube\"><a target=\"_blank\" rel=\"nofollow\" href=\"https:\/\/www.youtube.com\/@Voide_Music\" class=\"w-socials-item-link\" title=\"YouTube\" aria-label=\"YouTube\"><span class=\"w-socials-item-link-hover\"><\/span><i class=\"fab fa-youtube\"><\/i><\/a><div class=\"w-socials-item-popup\"><span>YouTube<\/span><\/div><\/div><div class=\"w-socials-item custom\"><a target=\"_blank\" rel=\"nofollow\" href=\"https:\/\/music.apple.com\/de\/artist\/voide\/1735828579\" class=\"w-socials-item-link\" title=\"Appla Music\" aria-label=\"Appla Music\"><span class=\"w-socials-item-link-hover\" style=\"background:var(--color-content-faded);\"><\/span><i class=\"fab fa-apple\"><\/i><\/a><div class=\"w-socials-item-popup\"><span>Appla Music<\/span><\/div><\/div><div class=\"w-socials-item custom\"><a target=\"_blank\" rel=\"nofollow\" href=\"https:\/\/open.spotify.com\/intl-de\/artist\/2wRAbZtZnqwQJkKOc9EOKA?si=xj3BXZ5lQSCiGAOHL4szTw\" class=\"w-socials-item-link\" title=\"Spotify\" aria-label=\"Spotify\"><span class=\"w-socials-item-link-hover\" style=\"background:var(--color-content-faded);\"><\/span><i class=\"fab fa-spotify\"><\/i><\/a><div class=\"w-socials-item-popup\"><span>Spotify<\/span><\/div><\/div><\/div><\/div><\/div><\/div><\/div><div class=\"w-separator size_medium\"><\/div><\/div><\/div><\/div><\/div><\/section><section class=\"l-section wpb_row height_medium full_height valign_center color_primary with_img\" id=\"fourth\"><div class=\"l-section-img\" role=\"img\" data-img-width=\"1800\" data-img-height=\"840\" style=\"background-image: url(https:\/\/www.less-records.de\/wp-content\/uploads\/2024\/04\/content_image-voide02.jpg);background-repeat: no-repeat;\"><\/div><div class=\"l-section-h i-cf\"><div class=\"g-cols vc_row via_grid cols_1 laptops-cols_inherit tablets-cols_inherit mobiles-cols_1 valign_top type_default stacking_default\"><div class=\"wpb_column vc_column_container align_center\"><div class=\"vc_column-inner\"><\/div><\/div><\/div><\/div><\/section><section class=\"l-section wpb_row height_small\" id=\"third\"><div class=\"l-section-h i-cf\"><div class=\"g-cols vc_row via_grid cols_1 laptops-cols_inherit tablets-cols_inherit mobiles-cols_1 valign_top type_default stacking_default\"><div class=\"wpb_column vc_column_container\"><div class=\"vc_column-inner\"><div class=\"wpb_text_column\"><div class=\"wpb_wrapper\"><h2 style=\"text-align: center;\">Reviews<\/h2>\n<\/div><\/div><div class=\"w-separator size_medium with_line width_default thick_1 style_solid color_border align_center\"><div class=\"w-separator-h\"><\/div><\/div><div class=\"g-cols wpb_row via_grid cols_3 laptops-cols_inherit tablets-cols_inherit mobiles-cols_1 valign_top type_default stacking_default\" style=\"--gap:3rem;\"><div class=\"wpb_column vc_column_container\"><div class=\"vc_column-inner\"><div class=\"wpb_text_column\"><div class=\"wpb_wrapper\"><h3 style=\"text-align: left;\">\u201e&#8230; a hypnotic journey, during which the listener is softly cradled.\u201d<\/h3>\n<p><a href=\"https:\/\/www.dougthomas.co.uk\/milkwood\">Doug Thomas<\/a><\/p>\n<\/div><\/div><div class=\"wpb_text_column\"><div class=\"wpb_wrapper\"><h3 style=\"text-align: left;\">\u201eSuch a beautiful piece with a gorgeous atmosphere and pleasant intimate sound.\u201d<\/h3>\n<p>Rushkeys<\/p>\n<\/div><\/div><\/div><\/div><div class=\"wpb_column vc_column_container\"><div class=\"vc_column-inner\"><div class=\"wpb_text_column\"><div class=\"wpb_wrapper\"><h3>\u201eI really love the texture and tone of the piano and the performance is just superb. \u201d<\/h3>\n<p>D. Tim &#8211; Mellow Mood<\/p>\n<\/div><\/div><div class=\"wpb_text_column\"><div class=\"wpb_wrapper\"><h3>\u201e &#8230; directly from the keys into the heart \u201d<\/h3>\n<p>Fledermaus.nrw<\/p>\n<\/div><\/div><div class=\"w-separator size_small\"><\/div><\/div><\/div><div class=\"wpb_column vc_column_container\"><div class=\"vc_column-inner\"><div class=\"wpb_text_column\"><div class=\"wpb_wrapper\"><h3>\u201e&#8230; Such a mood setter&#8230; very beautiful, intimate and emotional.\u201d<\/h3>\n<p>Piano Playlists, Sweden<\/p>\n<\/div><\/div><div class=\"wpb_text_column\"><div class=\"wpb_wrapper\"><h3>\u201eBeautiful piano melodies in a nice arrangement\u201d<\/h3>\n<p>Sound Avenue, Belgium<\/p>\n<\/div><\/div><\/div><\/div><\/div><div class=\"w-separator size_medium\"><\/div><\/div><\/div><\/div><\/div><\/section><section class=\"l-section wpb_row height_medium full_height valign_center color_primary with_img\"><div class=\"l-section-img\" role=\"img\" data-img-width=\"1800\" data-img-height=\"840\" style=\"background-image: url(https:\/\/www.less-records.de\/wp-content\/uploads\/2024\/04\/content_image-voide03.jpg);background-repeat: no-repeat;\"><\/div><div class=\"l-section-h i-cf\"><div class=\"g-cols vc_row via_grid cols_1 laptops-cols_inherit tablets-cols_inherit mobiles-cols_1 valign_top type_default stacking_default\"><div class=\"wpb_column vc_column_container align_center\"><div class=\"vc_column-inner\"><\/div><\/div><\/div><\/div><\/section><section class=\"l-section wpb_row height_small\"><div class=\"l-section-h i-cf\"><div class=\"g-cols vc_row via_grid cols_1 laptops-cols_inherit tablets-cols_inherit mobiles-cols_1 valign_top type_default stacking_default\"><div class=\"wpb_column vc_column_container\"><div class=\"vc_column-inner\"><div class=\"wpb_text_column\"><div class=\"wpb_wrapper\"><h2 style=\"text-align: center;\">Videos<\/h2>\n<\/div><\/div><div class=\"w-separator size_medium with_line width_default thick_1 style_solid color_border align_center\"><div class=\"w-separator-h\"><\/div><\/div><div class=\"w-video align_none ratio_16x9 has_iframe\"><div class=\"w-video-h\"><iframe title=\"Youtube video player\" src=\"\/\/www.youtube.com\/embed\/xpMexiQ4EXE?autoplay=0&controls=1&origin=https:\/\/www.less-records.de\/de&loop=0&mute=0\" allowfullscreen=\"1\" loading=\"lazy\"><\/iframe><\/div><div class=\"w-video-icon\" style=\"font-size:1.5rem;background:rgba(0,0,0,0.5);color:#fff\"><\/div><\/div><\/div><\/div><\/div><\/div><\/section><section class=\"l-section wpb_row height_large width_full\" id=\"third\"><div class=\"l-section-h i-cf\"><div class=\"g-cols vc_row via_grid cols_1 laptops-cols_inherit tablets-cols_inherit mobiles-cols_1 valign_top type_default stacking_default\"><div class=\"wpb_column vc_column_container align_center\"><div class=\"vc_column-inner\"><div class=\"w-separator size_medium with_line width_default thick_1 style_solid color_border align_center\"><div class=\"w-separator-h\"><\/div><\/div><div class=\"wpb_text_column\"><div class=\"wpb_wrapper\"><h2>News<\/h2>\n<\/div><\/div><div class=\"w-separator size_medium with_line width_30 thick_1 style_solid color_border align_center\"><div class=\"w-separator-h\"><\/div><\/div><div class=\"w-grid us_custom_d5e842d5 type_grid layout_6452 cols_4 ratio_4x3\" id=\"us_grid_1\" style=\"--gap:0.5rem;\" data-filterable=\"true\"><style>@media (max-width:1280px){#us_grid_1 .w-grid-item{width:33.3333%}#us_grid_1 .w-grid-item.size_2x1,#us_grid_1 .w-grid-item.size_2x2{width:66.6667%}}@media (max-width:1024px){#us_grid_1 .w-grid-item{width:50%}#us_grid_1 .w-grid-item.size_2x1,#us_grid_1 .w-grid-item.size_2x2{width:100%}}@media (max-width:600px){#us_grid_1 .w-grid-list{margin:0}#us_grid_1 .w-grid-item{width:100%;padding:0;margin-bottom:var(--gap,0px)}}.layout_6452 .w-grid-item-h:before{padding-bottom:75%}@media (min-width:601px){.layout_6452 .w-grid-item.size_1x2 .w-grid-item-h:before{padding-bottom:calc(150% + var(--gap,0px) * 2)}.layout_6452 .w-grid-item.size_2x1 .w-grid-item-h:before{padding-bottom:calc(37.5% - var(--gap,0px) * 0.75)}.layout_6452 .w-grid-item.size_2x2 .w-grid-item-h:before{padding-bottom:calc(75% - var(--gap,0px) * -0.5)}}.layout_6452 .w-grid-item-h{background:#f5b3a8;color:#ffffff}.layout_6452 .usg_post_image_1{transition-duration:0.35s;transform:scale(1) translate(0%,0%)}.layout_6452 .w-grid-item-h:hover .usg_post_image_1{transform:scale(1.1) translate(0%,0%);opacity:0.1}.layout_6452 .usg_post_image_1{position:absolute!important;top:0!important;right:0!important;bottom:0!important;left:0!important}.layout_6452 .usg_vwrapper_1{position:absolute!important;right:0!important;bottom:0!important;left:0!important;background:linear-gradient(180deg,rgba(0,0,0,0),#520a4c)!important;padding:4rem 2rem 1.5rem 2rem!important}.layout_6452 .usg_post_title_1{font-size:1.5rem!important;font-weight:700!important;color:#f5b3a8!important}<\/style><div class=\"w-grid-list\">\t<article class=\"w-grid-item size_1x1 post-10517 post type-post status-publish format-standard has-post-thumbnail hentry category-uncategorized\" data-id=\"10517\">\r\n\t\t<div class=\"w-grid-item-h\">\r\n\t\t\t\t\t\t\t<a href=\"https:\/\/www.less-records.de\/de\/tg-mauss-is-back\/\" class=\"w-grid-item-anchor\" aria-label=\"TG Mauss is back!\"><\/a>\r\n\t\t\t\t\t\t<div class=\"w-post-elm post_image usg_post_image_1 stretched\"><img loading=\"lazy\" decoding=\"async\" width=\"960\" height=\"960\" src=\"https:\/\/www.less-records.de\/wp-content\/uploads\/2026\/05\/TG-MAuss-under-my-skin.jpeg\" class=\"attachment-large size-large wp-post-image\" alt=\"\" srcset=\"https:\/\/www.less-records.de\/wp-content\/uploads\/2026\/05\/TG-MAuss-under-my-skin.jpeg 960w, https:\/\/www.less-records.de\/wp-content\/uploads\/2026\/05\/TG-MAuss-under-my-skin-300x300.jpeg 300w, https:\/\/www.less-records.de\/wp-content\/uploads\/2026\/05\/TG-MAuss-under-my-skin-150x150.jpeg 150w, https:\/\/www.less-records.de\/wp-content\/uploads\/2026\/05\/TG-MAuss-under-my-skin-12x12.jpeg 12w, https:\/\/www.less-records.de\/wp-content\/uploads\/2026\/05\/TG-MAuss-under-my-skin-350x350.jpeg 350w, https:\/\/www.less-records.de\/wp-content\/uploads\/2026\/05\/TG-MAuss-under-my-skin-600x600.jpeg 600w, https:\/\/www.less-records.de\/wp-content\/uploads\/2026\/05\/TG-MAuss-under-my-skin-768x768.jpeg 768w, https:\/\/www.less-records.de\/wp-content\/uploads\/2026\/05\/TG-MAuss-under-my-skin-450x450.jpeg 450w, https:\/\/www.less-records.de\/wp-content\/uploads\/2026\/05\/TG-MAuss-under-my-skin-225x225.jpeg 225w, https:\/\/www.less-records.de\/wp-content\/uploads\/2026\/05\/TG-MAuss-under-my-skin-500x500.jpeg 500w, https:\/\/www.less-records.de\/wp-content\/uploads\/2026\/05\/TG-MAuss-under-my-skin-400x400.jpeg 400w, https:\/\/www.less-records.de\/wp-content\/uploads\/2026\/05\/TG-MAuss-under-my-skin-100x100.jpeg 100w\" sizes=\"(max-width: 960px) 100vw, 960px\" \/><\/div><div class=\"w-vwrapper usg_vwrapper_1 align_left valign_top\"><h2 class=\"w-post-elm post_title usg_post_title_1 has_text_color entry-title color_link_inherit\"><a href=\"https:\/\/www.less-records.de\/de\/tg-mauss-is-back\/\">TG Mauss is back!<\/a><\/h2><\/div>\t\t<\/div>\r\n\t\t\t<\/article>\r\n\t<article class=\"w-grid-item size_1x1 post-10514 post type-post status-publish format-standard has-post-thumbnail hentry category-uncategorized\" data-id=\"10514\">\r\n\t\t<div class=\"w-grid-item-h\">\r\n\t\t\t\t\t\t\t<a href=\"https:\/\/www.less-records.de\/de\/vargkvint-jakob-lindhagen-oktoberclub-im-nilsson\/\" class=\"w-grid-item-anchor\" aria-label=\"Vargkvint &#038; Jakob Lindhagen + Oktoberclub im Nilsson\"><\/a>\r\n\t\t\t\t\t\t<div class=\"w-post-elm post_image usg_post_image_1 stretched\"><img loading=\"lazy\" decoding=\"async\" width=\"1024\" height=\"668\" src=\"https:\/\/www.less-records.de\/wp-content\/uploads\/2026\/05\/flyer06-16-9-1024x668.jpg\" class=\"attachment-large size-large wp-post-image\" alt=\"\" srcset=\"https:\/\/www.less-records.de\/wp-content\/uploads\/2026\/05\/flyer06-16-9-1024x668.jpg 1024w, https:\/\/www.less-records.de\/wp-content\/uploads\/2026\/05\/flyer06-16-9-300x196.jpg 300w, https:\/\/www.less-records.de\/wp-content\/uploads\/2026\/05\/flyer06-16-9-18x12.jpg 18w, https:\/\/www.less-records.de\/wp-content\/uploads\/2026\/05\/flyer06-16-9-768x501.jpg 768w, https:\/\/www.less-records.de\/wp-content\/uploads\/2026\/05\/flyer06-16-9-690x450.jpg 690w, https:\/\/www.less-records.de\/wp-content\/uploads\/2026\/05\/flyer06-16-9-345x225.jpg 345w, https:\/\/www.less-records.de\/wp-content\/uploads\/2026\/05\/flyer06-16-9-767x500.jpg 767w, https:\/\/www.less-records.de\/wp-content\/uploads\/2026\/05\/flyer06-16-9-600x391.jpg 600w\" sizes=\"(max-width: 1024px) 100vw, 1024px\" \/><\/div><div class=\"w-vwrapper usg_vwrapper_1 align_left valign_top\"><h2 class=\"w-post-elm post_title usg_post_title_1 has_text_color entry-title color_link_inherit\"><a href=\"https:\/\/www.less-records.de\/de\/vargkvint-jakob-lindhagen-oktoberclub-im-nilsson\/\">Vargkvint &#038; Jakob Lindhagen + Oktoberclub im Nilsson<\/a><\/h2><\/div>\t\t<\/div>\r\n\t\t\t<\/article>\r\n\t<article class=\"w-grid-item size_1x1 post-10463 post type-post status-publish format-standard has-post-thumbnail hentry category-uncategorized\" data-id=\"10463\">\r\n\t\t<div class=\"w-grid-item-h\">\r\n\t\t\t\t\t\t\t<a href=\"https:\/\/www.less-records.de\/de\/piano-days-dusseldorf\/\" class=\"w-grid-item-anchor\" aria-label=\"Piano Days D\u00fcsseldorf 26\"><\/a>\r\n\t\t\t\t\t\t<div class=\"w-post-elm post_image usg_post_image_1 stretched\"><img loading=\"lazy\" decoding=\"async\" width=\"1024\" height=\"610\" src=\"https:\/\/www.less-records.de\/wp-content\/uploads\/2026\/02\/Banner_4_tagealle_artists-1024x610.jpg\" class=\"attachment-large size-large wp-post-image\" alt=\"\" srcset=\"https:\/\/www.less-records.de\/wp-content\/uploads\/2026\/02\/Banner_4_tagealle_artists-1024x610.jpg 1024w, https:\/\/www.less-records.de\/wp-content\/uploads\/2026\/02\/Banner_4_tagealle_artists-300x179.jpg 300w, https:\/\/www.less-records.de\/wp-content\/uploads\/2026\/02\/Banner_4_tagealle_artists-18x12.jpg 18w, https:\/\/www.less-records.de\/wp-content\/uploads\/2026\/02\/Banner_4_tagealle_artists-768x457.jpg 768w, https:\/\/www.less-records.de\/wp-content\/uploads\/2026\/02\/Banner_4_tagealle_artists-755x450.jpg 755w, https:\/\/www.less-records.de\/wp-content\/uploads\/2026\/02\/Banner_4_tagealle_artists-378x225.jpg 378w, https:\/\/www.less-records.de\/wp-content\/uploads\/2026\/02\/Banner_4_tagealle_artists-839x500.jpg 839w, https:\/\/www.less-records.de\/wp-content\/uploads\/2026\/02\/Banner_4_tagealle_artists-600x357.jpg 600w\" sizes=\"(max-width: 1024px) 100vw, 1024px\" \/><\/div><div class=\"w-vwrapper usg_vwrapper_1 align_left valign_top\"><h2 class=\"w-post-elm post_title usg_post_title_1 has_text_color entry-title color_link_inherit\"><a href=\"https:\/\/www.less-records.de\/de\/piano-days-dusseldorf\/\">Piano Days D\u00fcsseldorf 26<\/a><\/h2><\/div>\t\t<\/div>\r\n\t\t\t<\/article>\r\n\t<article class=\"w-grid-item size_1x1 post-9453 post type-post status-publish format-standard has-post-thumbnail hentry category-uncategorized\" data-id=\"9453\">\r\n\t\t<div class=\"w-grid-item-h\">\r\n\t\t\t\t\t\t\t<a href=\"https:\/\/www.less-records.de\/de\/tom-blankenberg-salon-des-amateurs-21-01-2026\/\" class=\"w-grid-item-anchor\" aria-label=\"Tom Blankenberg &#8211; Salon des Amateurs, 21.01.2026\"><\/a>\r\n\t\t\t\t\t\t<div class=\"w-post-elm post_image usg_post_image_1 stretched\"><img loading=\"lazy\" decoding=\"async\" width=\"1024\" height=\"683\" src=\"https:\/\/www.less-records.de\/wp-content\/uploads\/2026\/01\/TB_Salon_Invert_breit-1024x683.jpg\" class=\"attachment-large size-large wp-post-image\" alt=\"\" srcset=\"https:\/\/www.less-records.de\/wp-content\/uploads\/2026\/01\/TB_Salon_Invert_breit-1024x683.jpg 1024w, https:\/\/www.less-records.de\/wp-content\/uploads\/2026\/01\/TB_Salon_Invert_breit-300x200.jpg 300w, https:\/\/www.less-records.de\/wp-content\/uploads\/2026\/01\/TB_Salon_Invert_breit-18x12.jpg 18w, https:\/\/www.less-records.de\/wp-content\/uploads\/2026\/01\/TB_Salon_Invert_breit-768x512.jpg 768w, https:\/\/www.less-records.de\/wp-content\/uploads\/2026\/01\/TB_Salon_Invert_breit-674x450.jpg 674w, https:\/\/www.less-records.de\/wp-content\/uploads\/2026\/01\/TB_Salon_Invert_breit-337x225.jpg 337w, https:\/\/www.less-records.de\/wp-content\/uploads\/2026\/01\/TB_Salon_Invert_breit-749x500.jpg 749w, https:\/\/www.less-records.de\/wp-content\/uploads\/2026\/01\/TB_Salon_Invert_breit-600x400.jpg 600w, https:\/\/www.less-records.de\/wp-content\/uploads\/2026\/01\/TB_Salon_Invert_breit.jpg 1274w\" sizes=\"(max-width: 1024px) 100vw, 1024px\" \/><\/div><div class=\"w-vwrapper usg_vwrapper_1 align_left valign_top\"><h2 class=\"w-post-elm post_title usg_post_title_1 has_text_color entry-title color_link_inherit\"><a href=\"https:\/\/www.less-records.de\/de\/tom-blankenberg-salon-des-amateurs-21-01-2026\/\">Tom Blankenberg &#8211; Salon des Amateurs, 21.01.2026<\/a><\/h2><\/div>\t\t<\/div>\r\n\t\t\t<\/article>\r\n<\/div><div class=\"w-grid-preloader\">\t<div class=\"g-preloader type_1\">\r\n\t\t<div><\/div>\r\n\t<\/div>\r\n\t<\/div>\t<div class=\"w-grid-json hidden\" onclick='return {&quot;action&quot;:&quot;us_ajax_grid&quot;,&quot;infinite_scroll&quot;:0,&quot;max_num_pages&quot;:18,&quot;pagination&quot;:&quot;none&quot;,&quot;template_vars&quot;:{&quot;columns&quot;:&quot;4&quot;,&quot;exclude_items&quot;:&quot;none&quot;,&quot;img_size&quot;:&quot;default&quot;,&quot;ignore_items_size&quot;:0,&quot;items_layout&quot;:&quot;6452&quot;,&quot;items_offset&quot;:&quot;1&quot;,&quot;load_animation&quot;:&quot;none&quot;,&quot;overriding_link&quot;:&quot;%7B%22type%22%3A%22post%22%7D&quot;,&quot;post_id&quot;:0,&quot;query_args&quot;:{&quot;post_type&quot;:[&quot;post&quot;],&quot;post_status&quot;:[&quot;publish&quot;,&quot;acf-disabled&quot;],&quot;posts_per_page&quot;:&quot;4&quot;},&quot;orderby_query_args&quot;:{&quot;orderby&quot;:{&quot;date&quot;:&quot;DESC&quot;}},&quot;type&quot;:&quot;grid&quot;,&quot;us_grid_post_type&quot;:&quot;post&quot;,&quot;us_grid_ajax_index&quot;:1,&quot;us_grid_filter_params&quot;:[],&quot;us_grid_index&quot;:1,&quot;page_args&quot;:[]}}'><\/div>\r\n\t<\/div><\/div><\/div><\/div><\/div><\/section>","protected":false},"excerpt":{"rendered":"Tom Blankenberg (piano\/electronics) 21.01.2026 Salon des Amateurs Konzert 20:00 Einlass 19:30 Kalt, finster und alles l\u00e4uft ein wenig langsamer - Januarmood. Der D\u00fcsseldorfer Musiker und Sounddesigner Tom Blankenberg feiert das und bringt daf\u00fcr am 21.01. einige seiner dunklen Piano-Miniaturen in den Salon des Amateurs, gespickt mit einem Hauch Electronics. Und auch einem akustischen Ausblick auf...","protected":false},"author":1,"featured_media":8804,"parent":0,"menu_order":-2,"comment_status":"closed","ping_status":"closed","template":"","meta":{"_acf_changed":false,"footnotes":""},"categories":[],"tags":[108],"acf":[],"_links":{"self":[{"href":"https:\/\/www.less-records.de\/de\/wp-json\/wp\/v2\/pages\/8803"}],"collection":[{"href":"https:\/\/www.less-records.de\/de\/wp-json\/wp\/v2\/pages"}],"about":[{"href":"https:\/\/www.less-records.de\/de\/wp-json\/wp\/v2\/types\/page"}],"author":[{"embeddable":true,"href":"https:\/\/www.less-records.de\/de\/wp-json\/wp\/v2\/users\/1"}],"replies":[{"embeddable":true,"href":"https:\/\/www.less-records.de\/de\/wp-json\/wp\/v2\/comments?post=8803"}],"version-history":[{"count":23,"href":"https:\/\/www.less-records.de\/de\/wp-json\/wp\/v2\/pages\/8803\/revisions"}],"predecessor-version":[{"id":9061,"href":"https:\/\/www.less-records.de\/de\/wp-json\/wp\/v2\/pages\/8803\/revisions\/9061"}],"wp:featuredmedia":[{"embeddable":true,"href":"https:\/\/www.less-records.de\/de\/wp-json\/wp\/v2\/media\/8804"}],"wp:attachment":[{"href":"https:\/\/www.less-records.de\/de\/wp-json\/wp\/v2\/media?parent=8803"}],"wp:term":[{"taxonomy":"category","embeddable":true,"href":"https:\/\/www.less-records.de\/de\/wp-json\/wp\/v2\/categories?post=8803"},{"taxonomy":"post_tag","embeddable":true,"href":"https:\/\/www.less-records.de\/de\/wp-json\/wp\/v2\/tags?post=8803"}],"curies":[{"name":"wp","href":"https:\/\/api.w.org\/{rel}","templated":true}]}}