{"id":8635,"date":"2019-01-19T13:51:02","date_gmt":"2019-01-19T13:51:02","guid":{"rendered":"https:\/\/www.less-records.de\/?page_id=8635"},"modified":"2024-01-19T15:47:20","modified_gmt":"2024-01-19T15:47:20","slug":"daslaechelnvonbilk","status":"publish","type":"page","link":"https:\/\/www.less-records.de\/de\/films\/daslaechelnvonbilk\/","title":{"rendered":"Das L\u00e4cheln von Bilk"},"content":{"rendered":"<section class=\"l-section wpb_row height_medium full_height valign_center color_secondary with_img parallax_ver\"><div class=\"l-section-img\" role=\"img\" data-img-width=\"1800\" data-img-height=\"1200\" style=\"background-image: url(https:\/\/www.less-records.de\/wp-content\/uploads\/2024\/01\/less-films.jpg);\"><\/div><div class=\"l-section-h i-cf\"><div class=\"g-cols vc_row via_grid cols_1 laptops-cols_inherit tablets-cols_inherit mobiles-cols_1 valign_top type_default stacking_default\"><div class=\"wpb_column vc_column_container\"><div class=\"vc_column-inner\"><h1 style=\"font-size: 5rem;text-align: left\" class=\"vc_custom_heading vc_do_custom_heading us_custom_1ac58425\" >Das L\u00e4cheln von Bilk<\/h1><div class=\"w-iconbox iconpos_top style_circle color_primary align_center no_text no_title\"><a href=\"#second\" class=\"w-iconbox-link\" aria-label=\"fas|chevron-down\"><div class=\"w-iconbox-icon\" style=\"font-size:24px;\"><i class=\"fas fa-chevron-down\"><\/i><\/div><\/a><div class=\"w-iconbox-meta\"><\/div><\/div><\/div><\/div><\/div><\/div><\/section><section class=\"l-section wpb_row height_medium\"><div class=\"l-section-h i-cf\"><div class=\"g-cols vc_row via_grid cols_2 laptops-cols_inherit tablets-cols_inherit mobiles-cols_1 valign_top type_default stacking_default\"><div class=\"wpb_column vc_column_container\"><div class=\"vc_column-inner\"><div class=\"w-video align_none ratio_16x9 has_iframe\"><div class=\"w-video-h\"><iframe title=\"Vimeo video player\" src=\"https:\/\/player.vimeo.com\/video\/423270152?autoplay=0&loop=0&autopause=0&color=00adef&portrait=0&byline=1&title=1&controls=1&muted=0\" frameborder=\"0\" allow=\"autoplay; fullscreen\" allowfullscreen loading=\"lazy\"><\/iframe><\/div><div class=\"w-video-icon\" style=\"font-size:1.5rem;background:rgba(0,0,0,0.5);color:#fff\"><\/div><\/div><\/div><\/div><div class=\"wpb_column vc_column_container\"><div class=\"vc_column-inner\"><div class=\"wpb_text_column\"><div class=\"wpb_wrapper\"><p>Das L\u00e4cheln von Bilk (The Smile of Bilk)<br \/>\nThe BRAUSE was a melting pot for music, literature, art and film in D\u00fcsseldorf. It was continuously fighting again racism, sexism, homophobia and any form of discrimination. It was a place for everyone run by a few enthusiasts. It was simply a good place to be. Please try to keep those places alive in your hometown and area. Thank you.<\/p>\n<\/div><\/div><\/div><\/div><\/div><\/div><\/section><section class=\"l-section wpb_row height_medium\"><div class=\"l-section-h i-cf\"><div class=\"g-cols vc_row via_grid cols_1 laptops-cols_inherit tablets-cols_inherit mobiles-cols_1 valign_top type_default stacking_default\"><div class=\"wpb_column vc_column_container\"><div class=\"vc_column-inner\"><div class=\"wpb_text_column\"><div class=\"wpb_wrapper\"><p>Director\/Camera\/Edit: Tom Blankenberg<br \/>\nMusic: <a href=\"https:\/\/ghvc.de\/archives\/artist\/accidental-bird\">Honig<\/a>, <a href=\"https:\/\/www.tgmauss.com\/\">TG Mauss,<\/a> Eddie would go<\/p>\n<p>Thanks to all the Brause members and everybody participated<\/p>\n<\/div><\/div><\/div><\/div><\/div><\/div><\/section>","protected":false},"excerpt":{"rendered":"Das L\u00e4cheln von BilkDas L\u00e4cheln von Bilk (The Smile of Bilk) The BRAUSE was a melting pot for music, literature, art and film in D\u00fcsseldorf. It was continuously fighting again racism, sexism, homophobia and any form of discrimination. It was a place for everyone run by a few enthusiasts. It was simply a good place...","protected":false},"author":1,"featured_media":8636,"parent":8577,"menu_order":0,"comment_status":"closed","ping_status":"closed","template":"","meta":{"_acf_changed":false,"footnotes":""},"categories":[],"tags":[],"acf":[],"_links":{"self":[{"href":"https:\/\/www.less-records.de\/de\/wp-json\/wp\/v2\/pages\/8635"}],"collection":[{"href":"https:\/\/www.less-records.de\/de\/wp-json\/wp\/v2\/pages"}],"about":[{"href":"https:\/\/www.less-records.de\/de\/wp-json\/wp\/v2\/types\/page"}],"author":[{"embeddable":true,"href":"https:\/\/www.less-records.de\/de\/wp-json\/wp\/v2\/users\/1"}],"replies":[{"embeddable":true,"href":"https:\/\/www.less-records.de\/de\/wp-json\/wp\/v2\/comments?post=8635"}],"version-history":[{"count":6,"href":"https:\/\/www.less-records.de\/de\/wp-json\/wp\/v2\/pages\/8635\/revisions"}],"predecessor-version":[{"id":8657,"href":"https:\/\/www.less-records.de\/de\/wp-json\/wp\/v2\/pages\/8635\/revisions\/8657"}],"up":[{"embeddable":true,"href":"https:\/\/www.less-records.de\/de\/wp-json\/wp\/v2\/pages\/8577"}],"wp:featuredmedia":[{"embeddable":true,"href":"https:\/\/www.less-records.de\/de\/wp-json\/wp\/v2\/media\/8636"}],"wp:attachment":[{"href":"https:\/\/www.less-records.de\/de\/wp-json\/wp\/v2\/media?parent=8635"}],"wp:term":[{"taxonomy":"category","embeddable":true,"href":"https:\/\/www.less-records.de\/de\/wp-json\/wp\/v2\/categories?post=8635"},{"taxonomy":"post_tag","embeddable":true,"href":"https:\/\/www.less-records.de\/de\/wp-json\/wp\/v2\/tags?post=8635"}],"curies":[{"name":"wp","href":"https:\/\/api.w.org\/{rel}","templated":true}]}}