{"id":8200,"date":"2022-09-14T11:11:55","date_gmt":"2022-09-14T11:11:55","guid":{"rendered":"https:\/\/www.less-records.de\/?page_id=8200"},"modified":"2022-09-14T11:51:28","modified_gmt":"2022-09-14T11:51:28","slug":"sbtfg-mbt","status":"publish","type":"page","link":"https:\/\/www.less-records.de\/de\/sbtfg-mbt\/","title":{"rendered":"Subterfuge &#038; Man Behind Tree"},"content":{"rendered":"<section class=\"l-section wpb_row height_medium full_height valign_center color_secondary with_img parallax_ver\"><div class=\"l-section-img\" role=\"img\" data-img-width=\"2560\" data-img-height=\"1786\" style=\"background-image: url(https:\/\/www.less-records.de\/wp-content\/uploads\/2022\/09\/header-sbtfg-mbt-scaled.jpg);\"><\/div><div class=\"l-section-h i-cf\"><div class=\"g-cols vc_row via_grid cols_1 laptops-cols_inherit tablets-cols_inherit mobiles-cols_1 valign_top type_default stacking_default\"><div class=\"wpb_column vc_column_container\"><div class=\"vc_column-inner\"><div class=\"w-image align_center\"><div class=\"w-image-h\"><img decoding=\"async\" width=\"1005\" height=\"1005\" src=\"https:\/\/www.less-records.de\/wp-content\/uploads\/2022\/09\/typo-sbtfg-mbt.png\" class=\"attachment-large size-large\" alt=\"\" loading=\"lazy\" srcset=\"https:\/\/www.less-records.de\/wp-content\/uploads\/2022\/09\/typo-sbtfg-mbt.png 1005w, https:\/\/www.less-records.de\/wp-content\/uploads\/2022\/09\/typo-sbtfg-mbt-300x300.png 300w, https:\/\/www.less-records.de\/wp-content\/uploads\/2022\/09\/typo-sbtfg-mbt-100x100.png 100w, https:\/\/www.less-records.de\/wp-content\/uploads\/2022\/09\/typo-sbtfg-mbt-600x600.png 600w, https:\/\/www.less-records.de\/wp-content\/uploads\/2022\/09\/typo-sbtfg-mbt-150x150.png 150w, https:\/\/www.less-records.de\/wp-content\/uploads\/2022\/09\/typo-sbtfg-mbt-12x12.png 12w, https:\/\/www.less-records.de\/wp-content\/uploads\/2022\/09\/typo-sbtfg-mbt-350x350.png 350w, https:\/\/www.less-records.de\/wp-content\/uploads\/2022\/09\/typo-sbtfg-mbt-768x768.png 768w, https:\/\/www.less-records.de\/wp-content\/uploads\/2022\/09\/typo-sbtfg-mbt-450x450.png 450w, https:\/\/www.less-records.de\/wp-content\/uploads\/2022\/09\/typo-sbtfg-mbt-225x225.png 225w, https:\/\/www.less-records.de\/wp-content\/uploads\/2022\/09\/typo-sbtfg-mbt-500x500.png 500w\" sizes=\"(max-width: 1005px) 100vw, 1005px\" \/><\/div><\/div><\/div><\/div><\/div><\/div><\/section><section class=\"l-section wpb_row height_medium full_height valign_center color_alternate\" id=\"second\"><div class=\"l-section-overlay\" style=\"background:#e9e5c5\"><\/div><div class=\"l-section-h i-cf\"><div class=\"g-cols vc_row via_grid cols_1 laptops-cols_inherit tablets-cols_inherit mobiles-cols_1 valign_top type_default stacking_default\"><div class=\"wpb_column vc_column_container\"><div class=\"vc_column-inner\"><div class=\"wpb_text_column\"><div class=\"wpb_wrapper\"><h1>Freunde \u00fcber Umwege:<br \/>\nSubterfuge &amp; Man Behind Tree auf Tour<\/h1>\n<\/div><\/div><div class=\"w-separator size_medium with_line width_default thick_1 style_solid color_border align_center\"><div class=\"w-separator-h\"><\/div><\/div><div class=\"wpb_text_column\"><div class=\"wpb_wrapper\"><p>Pr\u00e4sentiert von:<\/p>\n<\/div><\/div><div class=\"w-image align_none\"><div class=\"w-image-h\"><img decoding=\"async\" width=\"993\" height=\"51\" src=\"https:\/\/www.less-records.de\/wp-content\/uploads\/2022\/09\/praesentatoren.png\" class=\"attachment-large size-large\" alt=\"\" loading=\"lazy\" srcset=\"https:\/\/www.less-records.de\/wp-content\/uploads\/2022\/09\/praesentatoren.png 993w, https:\/\/www.less-records.de\/wp-content\/uploads\/2022\/09\/praesentatoren-600x31.png 600w, https:\/\/www.less-records.de\/wp-content\/uploads\/2022\/09\/praesentatoren-300x15.png 300w, https:\/\/www.less-records.de\/wp-content\/uploads\/2022\/09\/praesentatoren-18x1.png 18w, https:\/\/www.less-records.de\/wp-content\/uploads\/2022\/09\/praesentatoren-768x39.png 768w, https:\/\/www.less-records.de\/wp-content\/uploads\/2022\/09\/praesentatoren-800x41.png 800w, https:\/\/www.less-records.de\/wp-content\/uploads\/2022\/09\/praesentatoren-400x21.png 400w\" sizes=\"(max-width: 993px) 100vw, 993px\" \/><\/div><\/div><div class=\"w-separator size_medium with_line width_default thick_1 style_solid color_border align_center\"><div class=\"w-separator-h\"><\/div><\/div><div class=\"wpb_text_column\"><div class=\"wpb_wrapper\"><p>Es ist schon verr\u00fcckt manchmal. Zwei deutsche Indie Pop Bands, Subterfuge (D\u00fcsseldorf) und Man Behind Tree (Berlin), die sich \u00fcber den Umweg Pretoria (S\u00fcdafrika) kennenlernen, gehen gemeinsam auf Tour durch den Norden des Landes.<\/p>\n<p>Hans Forster, einer von vier S\u00e4ngern bei Man Behind Tree, sagt: \u201eDie Musik, die wir machen, verbindet man vielleicht erstmal mit der US-Westcoast oder Schottland.\u201c Lars Schmidt, einer der zwei Songschreiber bei Subterfuge, erg\u00e4nzt: Wenn man Blogs wie das Janglepop Hub aus S\u00fcdafrika verfolgt, ist man schon erstaunt, was dann doch in Deutschland alles passiert. Und so wuchs nat\u00fcrlich das Interesse aneinander, erst \u00fcber Social Media, sp\u00e4ter bei Konzerten, als das nach den Lockdowns wieder ging.\u201c<\/p>\n<p>Da lag es nahe, auch mal gemeinsam im Namen der guten Musik unterwegs zu sein. Zusammen mit DJ The Whollebe (60s 70s Power Pop Psychedelic Pop Beat Indie Pop Classics) werden die beiden Bands im November vier bunte Indie Pop Abende auf die B\u00fchne bringen:<\/p>\n<p>Do, 3.11.22 Berlin, Maschinenhaus<br \/>\nFr. 4.11. 22 Kassel, Kulturfabrik Salzmann<br \/>\nSa, 5.11.22 Hildesheim KUFA<br \/>\nSo. 6.11.22 Hamburg, Nachtasyl<\/p>\n<\/div><\/div><div class=\"w-separator size_medium with_line width_default thick_1 style_solid color_border align_center\"><div class=\"w-separator-h\"><\/div><\/div><div class=\"wpb_text_column\"><div class=\"wpb_wrapper\"><h2>Tickets<\/h2>\n<\/div><\/div>\n\t<div class=\"wpb_raw_code wpb_raw_html wpb_content_element us_custom_909b2fd0\" >\n\t\t<div class=\"wpb_wrapper\">\n\t\t\t<a href=\"https:\/\/www.songkick.com\/artists\/10163984\" class=\"songkick-widget\" data-theme=\"light\" data-track-button=\"on\" data-detect-style=\"true\" data-background-color=\"transparent\" data-locale=\"en\">Subterfuge (DE) tour dates<\/a>\n<script src=\"\/\/widget.songkick.com\/10163984\/widget.js\"><\/script>\n\t\t<\/div>\n\t<\/div>\n<div class=\"w-separator size_medium\"><\/div><\/div><\/div><\/div><\/div><\/section><section class=\"l-section wpb_row height_medium\" id=\"fourth\"><div class=\"l-section-h i-cf\"><div class=\"g-cols vc_row via_grid cols_2 laptops-cols_inherit tablets-cols_inherit mobiles-cols_1 valign_top type_default stacking_default\"><div class=\"wpb_column vc_column_container\"><div class=\"vc_column-inner\"><div class=\"wpb_text_column\"><div class=\"wpb_wrapper\"><h2 style=\"text-align: left;\">Info Subterfuge<\/h2>\n<\/div><\/div><div class=\"w-separator size_medium\"><\/div><div class=\"wpb_text_column\"><div class=\"wpb_wrapper\"><p style=\"text-align: left;\">Subterfuge sind seit 1991 eine der wenigen hiesigen aktiven Indiepopbands der ersten Generation. Zwischen 1993 und 2005 ver\u00f6ffentlichten die D\u00fcsseldorfer vier Studioalben. I Do Birds schaffte es sogar bis nach Japan und die Single Silly Girl lief ausdauernd auf Rotation bei VIVA2. Bis 2007 spielten Subterfuge ca. 300 Konzerte, eigene Headliner-Touren, Supports und etliche Festivals (Bizarre Festival, Immergut etc).<\/p>\n<p style=\"text-align: left;\">Zum zehnj\u00e4hrigen Plattenjubil\u00e4um in 2003 erschien Fabulous Friends, eine Compilation auf der 28 befreundete Bands (Slut, Miles, Readymade, Virginia Jetzt!, Nova International, Pale, Liquido, Paula uvm.) jeweils einen Song des Band-Deb\u00fcts Fabulous coverten. In 2005 produzierte Olaf O.P.A.L das letzte Subterfuge Album The Legendary Eifel Tapes, bevor die Band ihre Aktivit\u00e4ten vorerst einstellte.<\/p>\n<p style=\"text-align: left;\">Das aktuelle Album Dots ist das erste Subterfuge Album seit 16 Jahren. Es bekam herausragende Kritiken und Airplay in Deutschland, UK und sogar den USA.<\/p>\n<p style=\"text-align: left;\">Im Juli 2022 wurde Dots f\u00fcr den Preis der Deutschen Schallplattenkritik in den Kategorien Pop und Rock nominiert.<\/p>\n<p style=\"text-align: left;\">Im August 2022 wurden Subterfuge f\u00fcr den Pop NRW Award in der Kategorie Outstanding Artists nominiert.<\/p>\n<\/div><\/div><div class=\"w-separator size_medium\"><\/div>\n\t<div class=\"wpb_raw_code wpb_raw_html wpb_content_element us_custom_909b2fd0\" >\n\t\t<div class=\"wpb_wrapper\">\n\t\t\t<iframe loading=\"lazy\" style=\"border-radius:12px\" src=\"https:\/\/open.spotify.com\/embed\/album\/4UaDCHwhEbQzazfyy6xN2D?utm_source=generator\" width=\"100%\" height=\"380\" frameborder=\"0\" allowfullscreen=\"\" allow=\"autoplay; clipboard-write; encrypted-media; fullscreen; picture-in-picture\"><\/iframe>\n\t\t<\/div>\n\t<\/div>\n<\/div><\/div><div class=\"wpb_column vc_column_container us_custom_1f257949\"><div class=\"vc_column-inner\"><div class=\"wpb_text_column\"><div class=\"wpb_wrapper\"><h2 style=\"text-align: left;\">Info Man Behind Tree<\/h2>\n<\/div><\/div><div class=\"w-separator size_medium\"><\/div><div class=\"wpb_text_column\"><div class=\"wpb_wrapper\"><p>Man Behind Tree sind eine Jangle \/ Power-Pop-Gruppe, die im betonierten Herzen von Deutschland \u2013 Berlin \u2013 stationiert ist. Die vier Musiker balancieren verrrauchte Gesangsharmonien auf \u00fcbersteuerten Weiden. 2011 ver\u00f6ffentlichten sie ein erstes DIY Album. Ihre 2015 erschienene zweite Ver\u00f6ffentlichung Snoqualmie (Solaris Empire \/ Broken Silence) beschrieb der Rolling Stone als \u201eSunny Westcoast melancholia\u201c.<\/p>\n<p>Nach einigen Jahren des Aufnehmens mit Sylvain Livache und Tadklimp (The Notwist) haben Man Behind Tree Ende April ihr drittes Album \u2013 3 \u2013 heraussgebracht, als CD auf Subjangle (Pretoria, South Africa) als Musikkassette auf Twaague (Berlin, Deutschland).<\/p>\n<p>Die Band besteht aus Mitgliedern von Seaside Stars, Hanemoon, aeroclub und dem verstorbenen gro\u00dfen Mincer Ray.<\/p>\n<\/div><\/div><div class=\"w-separator size_medium\"><\/div>\n\t<div class=\"wpb_raw_code wpb_raw_html wpb_content_element us_custom_909b2fd0\" >\n\t\t<div class=\"wpb_wrapper\">\n\t\t\t<iframe loading=\"lazy\" style=\"border-radius:12px\" src=\"https:\/\/open.spotify.com\/embed\/album\/0h7edPLqNH6nltaR6oE7Qs?utm_source=generator\" width=\"100%\" height=\"380\" frameborder=\"0\" allowfullscreen=\"\" allow=\"autoplay; clipboard-write; encrypted-media; fullscreen; picture-in-picture\"><\/iframe>\n\t\t<\/div>\n\t<\/div>\n<\/div><\/div><\/div><\/div><\/section><section class=\"l-section wpb_row height_medium\" id=\"fourth\"><div class=\"l-section-overlay\" style=\"background:#e9e5c5\"><\/div><div class=\"l-section-h i-cf\"><div class=\"g-cols vc_row via_grid cols_2 laptops-cols_inherit tablets-cols_inherit mobiles-cols_1 valign_top type_default stacking_default\"><div class=\"wpb_column vc_column_container align_center\"><div class=\"vc_column-inner\"><div class=\"wpb_text_column\"><div class=\"wpb_wrapper\"><h2 style=\"text-align: left;\">Reviews Subterfuge<\/h2>\n<\/div><\/div><div class=\"w-separator size_medium\"><\/div><div class=\"wpb_text_column\"><div class=\"wpb_wrapper\"><h3 style=\"text-align: left;\">\u201eBeautiful and timeless\u201d<\/h3>\n<p style=\"text-align: left;\">Frankfurter Allgemeine Zeitung<\/p>\n<\/div><\/div><div class=\"w-separator size_medium\"><\/div><div class=\"wpb_text_column\"><div class=\"wpb_wrapper\"><h3 style=\"text-align: left;\">\u201eSubterfuge have a flair for big melodies, perfect vocal harmonies, ambitious arrangements and a contagious playfulness.\u201d<\/h3>\n<p style=\"text-align: left;\">Stern<\/p>\n<\/div><\/div><div class=\"w-separator size_medium\"><\/div><div class=\"wpb_text_column\"><div class=\"wpb_wrapper\"><h3 style=\"text-align: left;\">\u201eThe new album by Germany\u2019s most important indie rock band can be distilled into just three words: Eiffel Tower High.\u201d<\/h3>\n<p style=\"text-align: left;\">Pretty In Noise<br \/>\n<a href=\"https:\/\/prettyinnoise.de\/news\/eiffel-tower-high-neues-subterfuge-album-dots-track-by-track-album-pre-listening\/\" target=\"_blank\" rel=\"noopener\">&gt; Full Review<\/a><\/p>\n<\/div><\/div><div class=\"w-separator size_medium\"><\/div><div class=\"wpb_text_column\"><div class=\"wpb_wrapper\"><h3 style=\"text-align: left;\">\u201eFrom twee tunes to jangles to psychedelic to college rock, they can write it all and play it with style and conviction. <span class=\"\">Dots.<\/span>\u00a0will be one of your out of left field treasures of the year.\u201d<\/h3>\n<p style=\"text-align: left;\">When You Motor Away<br \/>\n<a href=\"http:\/\/whenyoumotoraway.blogspot.com\/2022\/03\/subterfuge-dots.html\" target=\"_blank\" rel=\"noopener\">&gt; Full Review<\/a><\/p>\n<\/div><\/div><div class=\"w-separator size_medium\"><\/div><div class=\"wpb_text_column\"><div class=\"wpb_wrapper\"><h3 style=\"text-align: left;\">\u201e<span class=\"\" lang=\"de\">Stephanie Said<\/span><span class=\"\" lang=\"en-US\">\u00a0and<\/span><span class=\"\" lang=\"de\">\u00a0<\/span><span class=\"\" lang=\"de\">The Snake Wife<\/span><span class=\"\" lang=\"de\">\u00a0<\/span><span class=\"\" lang=\"en-US\">could have been released on Sarah Records, the beautifully produced Beatles psych-soaked<\/span><span class=\"\" lang=\"de\">\u00a0<\/span><span class=\"\" lang=\"de\">The Good Good<\/span><span class=\"\" lang=\"de\">\u00a0<\/span><span class=\"\" lang=\"en-US\">and the whimsy<\/span><span class=\"\" lang=\"de\">\u00a0<\/span><span class=\"\" lang=\"de\">Why Do I Always Fail To Win<\/span><span class=\"\" lang=\"de\">\u00a0<\/span><span class=\"\" lang=\"en-US\">could have come from the likes of Ray Davis or Harry Nilsson and my favourite track are the Ride-like opening shoegaze<\/span><span class=\"\" lang=\"de\">\u00a0<\/span><span class=\"\" lang=\"de\">Licentiousness\u00a0<\/span><span class=\"\" lang=\"en-US\">and the epic 7min<\/span><span class=\"\" lang=\"de\">\u00a0<\/span><span class=\"\" lang=\"de\">Margarine<\/span><span class=\"\" lang=\"en-US\">.<\/span>\u201d<\/h3>\n<p style=\"text-align: left;\">Louder Than War<br \/>\n<a href=\"https:\/\/louderthanwar.com\/subterfuge-dots-album-review\/\" target=\"_blank\" rel=\"noopener\">&gt; Full Review<\/a><\/p>\n<\/div><\/div><div class=\"w-separator size_medium\"><\/div><div class=\"wpb_text_column\"><div class=\"wpb_wrapper\"><h3 style=\"text-align: left;\">\u201e<span class=\"\" lang=\"de\">Dots<\/span><span class=\"\" lang=\"en-US\">. again is a typical Subterfuge album in the sense that listeners should enjoy it in its entirety \u2013 absolutely no fillers here!<\/span>\u201d<\/h3>\n<p style=\"text-align: left;\">Frankfurter Rundschau<\/p>\n<\/div><\/div><div class=\"w-separator size_medium\"><\/div><\/div><\/div><div class=\"wpb_column vc_column_container\"><div class=\"vc_column-inner\"><div class=\"wpb_text_column\"><div class=\"wpb_wrapper\"><h2 style=\"text-align: left;\">Reviews Man Behind Tree<\/h2>\n<\/div><\/div><div class=\"w-separator size_medium\"><\/div><div class=\"wpb_text_column\"><div class=\"wpb_wrapper\"><h3 style=\"text-align: left;\">\u201eA superb album, and perfect listening for hazy Summers Afternoons. Highly recommended.\u201d<\/h3>\n<p style=\"text-align: left;\">coloursthroughtheair.blogs pot.com<\/p>\n<\/div><\/div><div class=\"w-separator size_medium\"><\/div><div class=\"wpb_text_column\"><div class=\"wpb_wrapper\"><h3 style=\"text-align: left;\">\u201eSuperb jangle pop and power pop\u201c<\/h3>\n<p style=\"text-align: left;\">whenyoumotoraway.blogspot.com<\/p>\n<\/div><\/div><div class=\"w-separator size_medium\"><\/div><div class=\"wpb_text_column\"><div class=\"wpb_wrapper\"><h3 style=\"text-align: left;\">\u201eHighly Recommended!\u201c<\/h3>\n<p style=\"text-align: left;\">hearasingle.blogspot.com<\/p>\n<\/div><\/div><div class=\"w-separator size_medium\"><\/div><div class=\"wpb_text_column\"><div class=\"wpb_wrapper\"><h3 style=\"text-align: left;\">\u201eExpect fuzzy guitar-driven powerpop with subtle yet convincing melodies\u201c<\/h3>\n<p style=\"text-align: left;\">addtowantlist.com<\/p>\n<\/div><\/div><div class=\"w-separator size_medium\"><\/div><div class=\"wpb_text_column\"><div class=\"wpb_wrapper\"><h3 style=\"text-align: left;\">\u201eMan Behind Tree continues his trend of great jangle pop.\u201c<\/h3>\n<p style=\"text-align: left;\">daggerzine.tumblr.com<\/p>\n<\/div><\/div><div class=\"w-separator size_medium\"><\/div><div class=\"wpb_text_column\"><div class=\"wpb_wrapper\"><h3 style=\"text-align: left;\">\u201ePieces of Power Pop, Jangle, Dream Pop, and Shoegaze combined with beautiful<br \/>\nharmony vocals. It\u2019s all there.\u201c<\/h3>\n<p style=\"text-align: left;\">sweetsweetmusicblog.wordpress.com<\/p>\n<\/div><\/div><div class=\"w-separator size_medium\"><\/div><div class=\"wpb_text_column\"><div class=\"wpb_wrapper\"><h3 style=\"text-align: left;\">\u201eThis is a band turning their influences into something new\u201d<\/h3>\n<p style=\"text-align: left;\">poprockrecord.com<\/p>\n<\/div><\/div><div class=\"w-separator size_medium\"><\/div><\/div><\/div><\/div><\/div><\/section>","protected":false},"excerpt":{"rendered":"Freunde \u00fcber Umwege: Subterfuge &amp; Man Behind Tree auf Tour Pr\u00e4sentiert von: Es ist schon verr\u00fcckt manchmal. Zwei deutsche Indie Pop Bands, Subterfuge (D\u00fcsseldorf) und Man Behind Tree (Berlin), die sich \u00fcber den Umweg Pretoria (S\u00fcdafrika) kennenlernen, gehen gemeinsam auf Tour durch den Norden des Landes. Hans Forster, einer von vier S\u00e4ngern bei Man Behind...","protected":false},"author":1,"featured_media":8236,"parent":0,"menu_order":-1,"comment_status":"closed","ping_status":"closed","template":"","meta":{"_acf_changed":false,"footnotes":""},"categories":[],"tags":[],"acf":[],"_links":{"self":[{"href":"https:\/\/www.less-records.de\/de\/wp-json\/wp\/v2\/pages\/8200"}],"collection":[{"href":"https:\/\/www.less-records.de\/de\/wp-json\/wp\/v2\/pages"}],"about":[{"href":"https:\/\/www.less-records.de\/de\/wp-json\/wp\/v2\/types\/page"}],"author":[{"embeddable":true,"href":"https:\/\/www.less-records.de\/de\/wp-json\/wp\/v2\/users\/1"}],"replies":[{"embeddable":true,"href":"https:\/\/www.less-records.de\/de\/wp-json\/wp\/v2\/comments?post=8200"}],"version-history":[{"count":32,"href":"https:\/\/www.less-records.de\/de\/wp-json\/wp\/v2\/pages\/8200\/revisions"}],"predecessor-version":[{"id":8211,"href":"https:\/\/www.less-records.de\/de\/wp-json\/wp\/v2\/pages\/8200\/revisions\/8211"}],"wp:featuredmedia":[{"embeddable":true,"href":"https:\/\/www.less-records.de\/de\/wp-json\/wp\/v2\/media\/8236"}],"wp:attachment":[{"href":"https:\/\/www.less-records.de\/de\/wp-json\/wp\/v2\/media?parent=8200"}],"wp:term":[{"taxonomy":"category","embeddable":true,"href":"https:\/\/www.less-records.de\/de\/wp-json\/wp\/v2\/categories?post=8200"},{"taxonomy":"post_tag","embeddable":true,"href":"https:\/\/www.less-records.de\/de\/wp-json\/wp\/v2\/tags?post=8200"}],"curies":[{"name":"wp","href":"https:\/\/api.w.org\/{rel}","templated":true}]}}