{"id":7689,"date":"2021-12-08T07:35:24","date_gmt":"2021-12-08T07:35:24","guid":{"rendered":"https:\/\/www.less-records.de\/widerrufsbelehrung\/"},"modified":"2022-01-07T09:10:20","modified_gmt":"2022-01-07T09:10:20","slug":"widerrufsbelehrung","status":"publish","type":"page","link":"https:\/\/www.less-records.de\/de\/widerrufsbelehrung\/","title":{"rendered":"Widerrufsbelehrung"},"content":{"rendered":"<div class=\"page\" title=\"Page 1\">\n<div class=\"layoutArea\">\n<div class=\"column\">\n<p>.<\/p>\n<h5><strong>Widerrufsrecht<\/strong><\/h5>\n<p>Du hast das Recht, binnen vierzehn Tagen ohne Angabe von Gr\u00fcnden diesen Vertrag zu widerrufen. Die Widerrufsfrist betr\u00e4gt vierzehn Tage ab dem Tag an dem Du oder ein von Dir benannter Dritter, der nicht der Bef\u00f6rderer ist, die Waren in Besitz genommen hat.<\/p>\n<p>Um Dein Widerrufsrecht auszu\u00fcben, musst Du uns (Less Records c\/o Skyline Tonfabrik, Behrenstr. 62, 40233 D\u00fcsseldorf) mittels einer eindeutigen Erkl\u00e4rung (z. B. ein mit der Post versandter Brief oder E-Mail) \u00fcber Deinen Entschluss, diesen Vertrag zu widerrufen, informieren. Du kannst daf\u00fcr <a href=\"https:\/\/www.less-records.de\/wp-content\/uploads\/2021\/12\/Widerrufsformular.pdf\">dieses<\/a> Muster-Widerrufsformular verwenden, das jedoch nicht vorgeschrieben ist. Zur Wahrung der Widerrufsfrist reicht es aus, dass Du die Mitteilung \u00fcber die Aus\u00fcbung des Widerrufsrechts vor Ablauf der Widerrufsfrist absendest.<\/p>\n<h5><strong>Folgen des Widerrufs<\/strong><\/h5>\n<p>Wenn Du diesen Vertrag widerrufst, haben wir Dir alle Zahlungen, die wir von Dir erhalten haben, einschlie\u00dflich der Lieferkosten (mit Ausnahme der zus\u00e4tzlichen Kosten, die sich daraus ergeben, dass Du eine andere Art der Lieferung als die von uns angebotene, g\u00fcnstigste Standardlieferung gew\u00e4hlt hast), unverz\u00fcglich und sp\u00e4testens binnen vierzehn Tagen ab dem Tag zur\u00fcckzuzahlen, an dem die Mitteilung \u00fcber Deinen Widerruf dieses Vertrags bei uns eingegangen ist. F\u00fcr diese R\u00fcckzahlung verwenden wir dasselbe Zahlungsmittel, das Du bei der urspr\u00fcnglichen Transaktion eingesetzt hast, es sei denn, mit Dir wurde ausdr\u00fccklich etwas anderes vereinbart; in keinem Fall werden Dir wegen dieser R\u00fcckzahlung Entgelte berechnet. Wir k\u00f6nnen die R\u00fcckzahlung verweigern, bis wir die Waren wieder zur\u00fcckerhalten haben oder bis Du den Nachweis erbracht hast, dass Du die Waren zur\u00fcckgesandt hast, je nachdem, welches der fr\u00fchere Zeitpunkt ist.<\/p>\n<p>Du hast die Waren unverz\u00fcglich und in jedem Fall sp\u00e4testens binnen vierzehn Tagen ab dem Tag, an dem Du uns \u00fcber den Widerruf dieses Vertrags unterrichtest, an o.g. Adresse zur\u00fcckzusenden oder zu \u00fcbergeben. Die Frist ist gewahrt, wenn Du die Waren vor Ablauf der Frist von vierzehn Tagen absendest. Die unmittelbaren Kosten der R\u00fccksendung der Waren werden durch Dich getragen.<\/p>\n<\/div>\n<\/div>\n<\/div>","protected":false},"excerpt":{"rendered":"<p>Please note that all of the following abstracts on this English version are Google Translate generated for convenience purposes and not binding. Please check the German version of our page &#8220;Widerrufsbelehrung&#8221; instead. Right of Withdrawal You have the right to withdraw from this contract within fourteen days without giving any reason. The cancellation period is&#8230;<\/p>","protected":false},"author":1,"featured_media":0,"parent":0,"menu_order":0,"comment_status":"closed","ping_status":"closed","template":"","meta":{"_acf_changed":false,"footnotes":""},"categories":[],"tags":[],"acf":[],"_links":{"self":[{"href":"https:\/\/www.less-records.de\/de\/wp-json\/wp\/v2\/pages\/7689"}],"collection":[{"href":"https:\/\/www.less-records.de\/de\/wp-json\/wp\/v2\/pages"}],"about":[{"href":"https:\/\/www.less-records.de\/de\/wp-json\/wp\/v2\/types\/page"}],"author":[{"embeddable":true,"href":"https:\/\/www.less-records.de\/de\/wp-json\/wp\/v2\/users\/1"}],"replies":[{"embeddable":true,"href":"https:\/\/www.less-records.de\/de\/wp-json\/wp\/v2\/comments?post=7689"}],"version-history":[{"count":10,"href":"https:\/\/www.less-records.de\/de\/wp-json\/wp\/v2\/pages\/7689\/revisions"}],"predecessor-version":[{"id":7855,"href":"https:\/\/www.less-records.de\/de\/wp-json\/wp\/v2\/pages\/7689\/revisions\/7855"}],"wp:attachment":[{"href":"https:\/\/www.less-records.de\/de\/wp-json\/wp\/v2\/media?parent=7689"}],"wp:term":[{"taxonomy":"category","embeddable":true,"href":"https:\/\/www.less-records.de\/de\/wp-json\/wp\/v2\/categories?post=7689"},{"taxonomy":"post_tag","embeddable":true,"href":"https:\/\/www.less-records.de\/de\/wp-json\/wp\/v2\/tags?post=7689"}],"curies":[{"name":"wp","href":"https:\/\/api.w.org\/{rel}","templated":true}]}}