{"id":7688,"date":"2021-12-08T07:35:24","date_gmt":"2021-12-08T07:35:24","guid":{"rendered":"https:\/\/www.less-records.de\/agb\/"},"modified":"2022-01-07T09:07:19","modified_gmt":"2022-01-07T09:07:19","slug":"agb","status":"publish","type":"page","link":"https:\/\/www.less-records.de\/de\/agb\/","title":{"rendered":"AGB"},"content":{"rendered":"<div class=\"musterbox\">\n<h3 class=\"h3\">Allgemeine Gesch\u00e4ftsbedingungen<\/h3>\n<p>.<\/p>\n<ul class=\"m-bulletpoint\">\n<li><b>Geltungsbereich<br \/>\n<\/b>F\u00fcr alle Lieferungen von Less Records an Verbraucher gelten diese Allgemeinen Gesch\u00e4ftsbedingungen (AGB).\nVerbraucher ist jede nat\u00fcrliche Person, die ein Rechtsgesch\u00e4ft zu einem Zwecke abschlie\u00dft, der \u00fcberwiegend weder ihrer gewerblichen noch ihrer selbstst\u00e4ndigen beruflichen T\u00e4tigkeit zugerechnet werden kann.<br \/>\nA consumer is any natural person who concludes a legal transaction for a purpose that is predominantly neither commercial nor self-employed.<\/li>\n<li><b>Vertragspartner<br \/>\n<\/b>Der Kaufvertrag kommt zustande mit Less Records c\/o Skyline Tonfabrik GmbH, Inhaber: Kai Blankenberg, Behrenstr. 62, 40233 D\u00fcsseldorf, Handelsregister: Amtsgericht D\u00fcsseldorf, HRB 614666.<\/li>\n<li><b>Vertragsschluss<\/b>\n<ul>\n<li>Die Darstellung der Produkte im Online-Shop stellt kein rechtlich bindendes Angebot, sondern nur eine Aufforderung zur Bestellung dar.<\/li>\n<li>Durch Anklicken des Buttons [Jetzt Kaufen] gibst Du eine verbindliche Bestellung der auf der Bestellseite aufgelisteten Waren ab. Dein Kaufvertrag kommt zustande, wenn wir Deine Bestellung durch eine Auftragsbest\u00e4tigung per E-Mail unmittelbar nach dem Erhalt Deiner Bestellung annehmen.<\/li>\n<\/ul>\n<\/li>\n<li><b>Widerrufsrecht<\/b>\n<ul>\n<li>Wenn Du Verbraucher bist (also eine nat\u00fcrliche Person, die die Bestellung zu einem Zweck abgibt, der weder Ihrer gewerblichen oder selbst\u00e4ndigen beruflichen T\u00e4tigkeit zugerechnet werden kann), steht Dir nach Ma\u00dfgabe der gesetzlichen Bestimmungen ein Widerrufsrecht zu.<\/li>\n<li>Machst Du als Verbraucher von Deinem Widerrufsrecht nach Ziffer 4.1 Gebrauch, so hast Du die regelm\u00e4\u00dfigen Kosten der R\u00fccksendung zu tragen.<\/li>\n<li>Im \u00dcbrigen gelten f\u00fcr das Widerrufsrecht die Regelungen, die im Einzelnen wiedergegeben sind in <a href=\"https:\/\/www.less-records.de\/de\/widerrufsbelehrung\/\">Widerrufsbelehrung<\/a> .<\/li>\n<\/ul>\n<\/li>\n<li><b>Preise und Versandkosten<\/b>\n<ul>\n<li>Die auf den Produktseiten genannten Preise enthalten die gesetzliche Mehrwertsteuer und sonstige Preisbestandteile.<\/li>\n<li>Zus\u00e4tzlich zu den angegebenen Preisen berechnen wir f\u00fcr die Lieferung innerhalb Deutschlands Versand- und Verpackungskosten pro Bestellung. Die Versandkosten werden Dir im Warenkorbsystem und auf der Bestellseite nochmals deutlich mitgeteilt.<\/li>\n<\/ul>\n<\/li>\n<li><b>Lieferung<\/b>\n<ul>\n<li>Die Lieferung erfolgt nur in durch Less Records ausgew\u00e4hlte L\u00e4nder, welche bei Bestellung zur Auswahl angegeben werden.<\/li>\n<li>Die Lieferzeit betr\u00e4gt innerhalb Deutschlands bis zu 10 Tage. Auf eventuell abweichende Lieferzeiten weisen wir auf der jeweiligen Produktseite hin.<\/li>\n<\/ul>\n<\/li>\n<\/ul>\n<ul class=\"m-bulletpoint\">\n<li><b>Zahlung<\/b>\n<ul>\n<li>Payment can be made either in advance via bank transfer or PayPal.<\/li>\n<li>Bei Auswahl der Zahlungsart Vorkasse nennen wir Ihnen unsere Bankverbindung in der Auftragsbest\u00e4tigung und liefern die Ware nach Zahlungseingang.<\/li>\n<\/ul>\n<\/li>\n<\/ul>\n<ul class=\"m-bulletpoint\">\n<li><b>Eigentumsvorbehalt<\/b>\n<ul>\n<li>The ordered goods remain our property until they have been paid in full.<\/li>\n<\/ul>\n<\/li>\n<\/ul>\n<ul class=\"m-bulletpoint\">\n<li><b>Streitbeilegung<\/b>\n<ul>\n<li>Die EU-Kommission hat eine Internetplattform zur Online-Beilegung von Streitigkeiten geschaffen. Die Plattform dient als Anlaufstelle zur au\u00dfergerichtlichen Beilegung von Streitigkeiten betreffend vertragliche Verpflichtungen, die aus Online-Kaufvertr\u00e4gen erwachsen. N\u00e4here Informationen sind unter dem folgenden Link verf\u00fcgbar: <a href=\"http:\/\/ec.europa.eu\/consumers\/odr\">http:\/\/ec.europa.eu\/consumers\/odr<\/a>. Zur Teilnahme an einem Streitbeilegungsverfahren vor einer Verbraucherschlichtungsstelle sind wir weder bereit noch verpflichtet.<\/li>\n<\/ul>\n<\/li>\n<\/ul>\n<\/div>","protected":false},"excerpt":{"rendered":"<p>General Terms an Conditions Please note that all of the following abstracts on this English version are Google Translate generated for convenience purposes and not binding. Please check the German version of the page for legally binding terms and conditions and data privacy regulations. Scope These general terms and conditions (GTC) apply to all deliveries&#8230;<\/p>","protected":false},"author":1,"featured_media":0,"parent":0,"menu_order":0,"comment_status":"closed","ping_status":"closed","template":"","meta":{"_acf_changed":false,"footnotes":""},"categories":[],"tags":[],"acf":[],"_links":{"self":[{"href":"https:\/\/www.less-records.de\/de\/wp-json\/wp\/v2\/pages\/7688"}],"collection":[{"href":"https:\/\/www.less-records.de\/de\/wp-json\/wp\/v2\/pages"}],"about":[{"href":"https:\/\/www.less-records.de\/de\/wp-json\/wp\/v2\/types\/page"}],"author":[{"embeddable":true,"href":"https:\/\/www.less-records.de\/de\/wp-json\/wp\/v2\/users\/1"}],"replies":[{"embeddable":true,"href":"https:\/\/www.less-records.de\/de\/wp-json\/wp\/v2\/comments?post=7688"}],"version-history":[{"count":12,"href":"https:\/\/www.less-records.de\/de\/wp-json\/wp\/v2\/pages\/7688\/revisions"}],"predecessor-version":[{"id":7854,"href":"https:\/\/www.less-records.de\/de\/wp-json\/wp\/v2\/pages\/7688\/revisions\/7854"}],"wp:attachment":[{"href":"https:\/\/www.less-records.de\/de\/wp-json\/wp\/v2\/media?parent=7688"}],"wp:term":[{"taxonomy":"category","embeddable":true,"href":"https:\/\/www.less-records.de\/de\/wp-json\/wp\/v2\/categories?post=7688"},{"taxonomy":"post_tag","embeddable":true,"href":"https:\/\/www.less-records.de\/de\/wp-json\/wp\/v2\/tags?post=7688"}],"curies":[{"name":"wp","href":"https:\/\/api.w.org\/{rel}","templated":true}]}}