{"id":7643,"date":"2021-12-06T20:26:14","date_gmt":"2021-12-06T20:26:14","guid":{"rendered":"https:\/\/www.less-records.de\/?page_id=7643"},"modified":"2022-10-11T04:57:18","modified_gmt":"2022-10-11T04:57:18","slug":"subterfuge-epk-dots","status":"publish","type":"page","link":"https:\/\/www.less-records.de\/de\/subterfuge\/subterfuge-epk-dots\/","title":{"rendered":"Subterfuge EPK Album Dots"},"content":{"rendered":"<section class=\"l-section wpb_row height_medium\"><div class=\"l-section-h i-cf\"><div class=\"g-cols vc_row via_grid cols_5-1 laptops-cols_inherit tablets-cols_inherit mobiles-cols_1 valign_top type_default stacking_default\"><div class=\"wpb_column vc_column_container\"><div class=\"vc_column-inner\"><div class=\"wpb_text_column\"><div class=\"wpb_wrapper\"><h1><strong>Subterfuge &#8211; Dots.(Album)<\/strong><\/h1>\n<h5><strong>(Vinyl LER0018 \/ CD LER0019 \/ Digital LER0020 \/ MC LER0025)<\/strong><\/h5>\n<p>Releasedate: 2022-03-04;\u00a0Airdate: 2021-03-04; LC: 93047<\/p>\n<\/div><\/div><\/div><\/div><div class=\"wpb_column vc_column_container\"><div class=\"vc_column-inner\"><div class=\"w-socials us_custom_a5c88937 color_brand shape_square style_default hover_fade\"><div class=\"w-socials-list\"><div class=\"w-socials-item email\"><a href=\"mailto:subterfuge@less-records.de\" class=\"w-socials-item-link\" title=\"E-Mail-Adresse\" aria-label=\"E-Mail-Adresse\"><span class=\"w-socials-item-link-hover\"><\/span><i class=\"fas fa-envelope\"><\/i><\/a><div class=\"w-socials-item-popup\"><span>E-Mail-Adresse<\/span><\/div><\/div><div class=\"w-socials-item instagram\"><a target=\"_blank\" rel=\"nofollow\" href=\"https:\/\/www.instagram.com\/sbtfg\/\" class=\"w-socials-item-link\" title=\"Instagram\" aria-label=\"Instagram\"><span class=\"w-socials-item-link-hover\"><\/span><i class=\"fab fa-instagram\"><\/i><\/a><div class=\"w-socials-item-popup\"><span>Instagram<\/span><\/div><\/div><div class=\"w-socials-item twitter\"><a target=\"_blank\" rel=\"nofollow\" href=\"https:\/\/twitter.com\/subterfuge91\" class=\"w-socials-item-link\" title=\"Twitter\" aria-label=\"Twitter\"><span class=\"w-socials-item-link-hover\"><\/span><i class=\"fab fa-x-twitter\"><svg style=\"width:1em; margin-bottom:-.1em;\" xmlns=\"http:\/\/www.w3.org\/2000\/svg\" viewbox=\"0 0 512 512\"><path fill=\"currentColor\" d=\"M389.2 48h70.6L305.6 224.2 487 464H345L233.7 318.6 106.5 464H35.8L200.7 275.5 26.8 48H172.4L272.9 180.9 389.2 48zM364.4 421.8h39.1L151.1 88h-42L364.4 421.8z\"\/><\/svg><\/i><\/a><div class=\"w-socials-item-popup\"><span>Twitter<\/span><\/div><\/div><div class=\"w-socials-item facebook\"><a target=\"_blank\" rel=\"nofollow\" href=\"https:\/\/www.facebook.com\/idobirds\/\" class=\"w-socials-item-link\" title=\"Facebook\" aria-label=\"Facebook\"><span class=\"w-socials-item-link-hover\"><\/span><i class=\"fab fa-facebook\"><\/i><\/a><div class=\"w-socials-item-popup\"><span>Facebook<\/span><\/div><\/div><div class=\"w-socials-item youtube\"><a target=\"_blank\" rel=\"nofollow\" href=\"https:\/\/www.youtube.com\/user\/tomibaum\" class=\"w-socials-item-link\" title=\"YouTube\" aria-label=\"YouTube\"><span class=\"w-socials-item-link-hover\"><\/span><i class=\"fab fa-youtube\"><\/i><\/a><div class=\"w-socials-item-popup\"><span>YouTube<\/span><\/div><\/div><\/div><\/div><\/div><\/div><\/div><\/div><\/section><section class=\"l-section wpb_row height_medium\"><div class=\"l-section-h i-cf\"><div class=\"g-cols vc_row via_grid cols_1-3 laptops-cols_inherit tablets-cols_inherit mobiles-cols_1 valign_top type_default stacking_default\"><div class=\"wpb_column vc_column_container\"><div class=\"vc_column-inner\">\n\t<div class=\"wpb_raw_code wpb_raw_html wpb_content_element us_custom_909b2fd0\" >\n\t\t<div class=\"wpb_wrapper\">\n\t\t\t<iframe loading=\"lazy\" width=\"100%\" height=\"300\" scrolling=\"no\" frameborder=\"no\" allow=\"autoplay\" src=\"https:\/\/w.soundcloud.com\/player\/?url=https%3A\/\/api.soundcloud.com\/playlists\/1293290869%3Fsecret_token%3Ds-YKm8N4JTDpH&color=%23ff5500&auto_play=false&hide_related=false&show_comments=true&show_user=true&show_reposts=false&show_teaser=true&visual=true\"><\/iframe><div style=\"font-size: 10px; color: #cccccc;line-break: anywhere;word-break: normal;overflow: hidden;white-space: nowrap;text-overflow: ellipsis; font-family: Interstate,Lucida Grande,Lucida Sans Unicode,Lucida Sans,Garuda,Verdana,Tahoma,sans-serif;font-weight: 100;\"><a href=\"https:\/\/soundcloud.com\/subterfugemusic\" title=\"Subterfuge\" target=\"_blank\" style=\"color: #cccccc; text-decoration: none;\">Subterfuge<\/a> \u00b7 <a href=\"https:\/\/soundcloud.com\/subterfugemusic\/sets\/dots-full-album-pre-listen\/s-YKm8N4JTDpH\" title=\"Dots. (Full Album Pre-Listen)\" target=\"_blank\" style=\"color: #cccccc; text-decoration: none;\">Dots. (Full Album Pre-Listen)<\/a><\/div>\n\t\t<\/div>\n\t<\/div>\n<\/div><\/div><div class=\"wpb_column vc_column_container\"><div class=\"vc_column-inner\"><div class=\"wpb_text_column\"><div class=\"wpb_wrapper\"><p>30 Jahre Subterfuge. 30 Jahre Indie-Pop aus D\u00fcsseldorf. Nach tausenden gelebten Geschichten und einem gemeinsamen Erwachsenwerden \u2013 miteinander, nebeneinander und f\u00fcreinander \u2013 erscheint jetzt das neue Album Dots.<\/p>\n<p>Dots. ist nicht weniger als eine Biographie. Nicht nur die von SUBTERFUGE, auch unsere. Ein lebendiger und sich immer wieder verwandelnder Harmoniegesang \u00fcber das Leben, so wie es ist: warm und voller Wirkung, \u00fcberraschend, dissonant, verliebt und gerne auch spr\u00f6de. College-Rock, mit Kids auf dem Beifahrer:innensitz. Metropolen-Country, Subpop in Perfektion \u2013 oft 60\u2019s, gerne psychedelisch, aber nie s\u00fcchtig nach Untergang. Eher das Gegenteil! Das 5te SUBTERFUGE-Album ist ihr gef\u00fchlt positivstes Werk \u2013 und es ist das musikalische Zusammentreffen von sechs Menschen, die wissen, dass sie sich f\u00fcr immer haben werden. Ohne Kitsch, ohne flache Romantik und ohne die Heraufbeschw\u00f6rung unn\u00f6tiger Dramen. Einfach das echte Leben als Musik. Unser Leben. Unser guter Soundtrack.<\/p>\n<p><em>Yessica Yeti<\/em><\/p>\n<\/div><\/div><\/div><\/div><\/div><\/div><\/section><section class=\"l-section wpb_row height_medium\"><div class=\"l-section-h i-cf\"><div class=\"g-cols vc_row via_grid cols_2-1 laptops-cols_inherit tablets-cols_inherit mobiles-cols_1 valign_top type_default stacking_default\"><div class=\"wpb_column vc_column_container\"><div class=\"vc_column-inner\"><div class=\"wpb_text_column\"><div class=\"wpb_wrapper\"><p><strong>Pressestimmen:<\/strong><\/p>\n<\/div><\/div><div class=\"w-separator size_small\"><\/div><div class=\"wpb_text_column\"><div class=\"wpb_wrapper\"><p class=\"p1\"><span class=\"s1\"><strong>FAZ<\/strong>: Zeitlos sch\u00f6ne Songs<\/span><\/p>\n<\/div><\/div><div class=\"w-separator size_custom\" style=\"height:8px\"><\/div><div class=\"wpb_text_column\"><div class=\"wpb_wrapper\"><p class=\"p1\"><span class=\"s1\"><strong>Stern<\/strong>: Gesp\u00fcr f\u00fcr pr\u00e4chtige Melodien und perfekte Harmonieges\u00e4nge, ambitionierte Arrangements, mitrei\u00dfende Spielfreude.<\/span><\/p>\n<\/div><\/div><div class=\"w-separator size_custom\" style=\"height:8px\"><\/div><div class=\"wpb_text_column\"><div class=\"wpb_wrapper\"><p class=\"p1\"><span class=\"s1\"><strong>Pretty In Noise:<\/strong> Das neue Album\u00a0<em>Dots<\/em>.\u00a0der wichtigsten deutschen Indie-Rock-Band\u00a0Subterfuge\u00a0l\u00e4sst sich in drei Worten beschreiben: Eiffel Tower High<\/span><\/p>\n<\/div><\/div><div class=\"w-separator size_custom\" style=\"height:8px\"><\/div><div class=\"wpb_text_column\"><div class=\"wpb_wrapper\"><p><strong>Louder Than War<\/strong>:\u00a0<em>Stephanie Said<\/em>\u00a0and\u00a0<em>The Snake Wife<\/em>\u00a0could have been released on Sarah Records, the beautifully produced Beatles psych-soaked\u00a0<em>The Good Good<\/em>\u00a0and the whimsy\u00a0<em>Why Do I Always Fail To Win<\/em>\u00a0could have come from the likes of Ray Davis or Harry Nilsson and my favourite track are the Ride-like opening shoegaze\u00a0<em>Licentiousness\u00a0<\/em>and the epic 7min\u00a0<em>Margarine<\/em>.<\/p>\n<\/div><\/div><div class=\"w-separator size_custom\" style=\"height:8px\"><\/div><div class=\"wpb_text_column\"><div class=\"wpb_wrapper\"><p><strong>When You Motor Away<\/strong>: From twee tunes to jangles to psychedelic to college rock, they can write it all and play it with style and conviction. <em>Dots.<\/em> will be one of your out of left field treasures of the year.<\/p>\n<\/div><\/div><div class=\"w-separator size_custom\" style=\"height:8px\"><\/div><div class=\"wpb_text_column\"><div class=\"wpb_wrapper\"><p class=\"p1\"><span class=\"s1\"><strong>Frankfurter Rundschau:<\/strong> <em>Dots.<\/em> ist wieder ein typisches Subterfuge-Album geworden &#8211; in dem Sinne, dass man es als Ganzes genie\u00dfen sollte, auch weil es kein F\u00fcllmaterial gibt<\/span><\/p>\n<\/div><\/div><\/div><\/div><div class=\"wpb_column vc_column_container\"><div class=\"vc_column-inner\"><div class=\"wpb_text_column\"><div class=\"wpb_wrapper\"><p><strong>Artwork<\/strong> (download links below):<\/p>\n<\/div><\/div><div class=\"w-image align_none\"><a ref=\"magnificPopup\" href=\"https:\/\/www.less-records.de\/wp-content\/uploads\/2021\/12\/Subterfuge-Dots-Artwork-1500x1500-1.jpg\" aria-label=\"Unbenannt-1\" class=\"w-image-h\"><img decoding=\"async\" width=\"300\" height=\"300\" src=\"https:\/\/www.less-records.de\/wp-content\/uploads\/2021\/12\/Subterfuge-Dots-Artwork-1500x1500-1-300x300.jpg\" class=\"attachment-medium size-medium\" alt=\"\" loading=\"lazy\" srcset=\"https:\/\/www.less-records.de\/wp-content\/uploads\/2021\/12\/Subterfuge-Dots-Artwork-1500x1500-1-300x300.jpg 300w, https:\/\/www.less-records.de\/wp-content\/uploads\/2021\/12\/Subterfuge-Dots-Artwork-1500x1500-1-100x100.jpg 100w, https:\/\/www.less-records.de\/wp-content\/uploads\/2021\/12\/Subterfuge-Dots-Artwork-1500x1500-1-600x600.jpg 600w, https:\/\/www.less-records.de\/wp-content\/uploads\/2021\/12\/Subterfuge-Dots-Artwork-1500x1500-1-1024x1024.jpg 1024w, https:\/\/www.less-records.de\/wp-content\/uploads\/2021\/12\/Subterfuge-Dots-Artwork-1500x1500-1-150x150.jpg 150w, https:\/\/www.less-records.de\/wp-content\/uploads\/2021\/12\/Subterfuge-Dots-Artwork-1500x1500-1-350x350.jpg 350w, https:\/\/www.less-records.de\/wp-content\/uploads\/2021\/12\/Subterfuge-Dots-Artwork-1500x1500-1-768x768.jpg 768w, https:\/\/www.less-records.de\/wp-content\/uploads\/2021\/12\/Subterfuge-Dots-Artwork-1500x1500-1-12x12.jpg 12w, https:\/\/www.less-records.de\/wp-content\/uploads\/2021\/12\/Subterfuge-Dots-Artwork-1500x1500-1-450x450.jpg 450w, https:\/\/www.less-records.de\/wp-content\/uploads\/2021\/12\/Subterfuge-Dots-Artwork-1500x1500-1-225x225.jpg 225w, https:\/\/www.less-records.de\/wp-content\/uploads\/2021\/12\/Subterfuge-Dots-Artwork-1500x1500-1-500x500.jpg 500w, https:\/\/www.less-records.de\/wp-content\/uploads\/2021\/12\/Subterfuge-Dots-Artwork-1500x1500-1-400x400.jpg 400w, https:\/\/www.less-records.de\/wp-content\/uploads\/2021\/12\/Subterfuge-Dots-Artwork-1500x1500-1.jpg 1500w\" sizes=\"(max-width: 300px) 100vw, 300px\" \/><\/a><\/div><\/div><\/div><\/div><\/div><\/section><section class=\"l-section wpb_row height_medium\"><div class=\"l-section-h i-cf\"><div class=\"g-cols vc_row via_grid cols_3 laptops-cols_inherit tablets-cols_inherit mobiles-cols_1 valign_top type_default stacking_default\"><div class=\"wpb_column vc_column_container\"><div class=\"vc_column-inner\"><div class=\"wpb_text_column\"><div class=\"wpb_wrapper\"><p><strong>Bandphoto<\/strong>\u00a0<strong>A<\/strong> (download below):<\/p>\n<\/div><\/div><div class=\"w-image align_none\"><a ref=\"magnificPopup\" href=\"https:\/\/www.less-records.de\/wp-content\/uploads\/2021\/12\/stresemann01-scaled.jpg\" aria-label=\"stresemann01\" class=\"w-image-h\"><img decoding=\"async\" width=\"350\" height=\"350\" src=\"https:\/\/www.less-records.de\/wp-content\/uploads\/2021\/12\/stresemann01-scaled-350x350.jpg\" class=\"attachment-us_350_350_crop size-us_350_350_crop\" alt=\"\" loading=\"lazy\" srcset=\"https:\/\/www.less-records.de\/wp-content\/uploads\/2021\/12\/stresemann01-scaled-350x350.jpg 350w, https:\/\/www.less-records.de\/wp-content\/uploads\/2021\/12\/stresemann01-scaled-300x300.jpg 300w, https:\/\/www.less-records.de\/wp-content\/uploads\/2021\/12\/stresemann01-scaled-100x100.jpg 100w, https:\/\/www.less-records.de\/wp-content\/uploads\/2021\/12\/stresemann01-scaled-150x150.jpg 150w, https:\/\/www.less-records.de\/wp-content\/uploads\/2021\/12\/stresemann01-scaled-600x600.jpg 600w, https:\/\/www.less-records.de\/wp-content\/uploads\/2021\/12\/stresemann01-scaled-400x400.jpg 400w\" sizes=\"(max-width: 350px) 100vw, 350px\" \/><\/a><\/div><\/div><\/div><div class=\"wpb_column vc_column_container\"><div class=\"vc_column-inner\"><div class=\"wpb_text_column\"><div class=\"wpb_wrapper\"><p><strong>Bandphoto B<\/strong> (download below):<\/p>\n<\/div><\/div><div class=\"w-image align_none\"><div class=\"w-image-h\"><img decoding=\"async\" width=\"350\" height=\"350\" src=\"https:\/\/www.less-records.de\/wp-content\/uploads\/2021\/08\/garten02-scaled-350x350.jpg\" class=\"attachment-us_350_350_crop size-us_350_350_crop\" alt=\"\" loading=\"lazy\" srcset=\"https:\/\/www.less-records.de\/wp-content\/uploads\/2021\/08\/garten02-scaled-350x350.jpg 350w, https:\/\/www.less-records.de\/wp-content\/uploads\/2021\/08\/garten02-scaled-300x300.jpg 300w, https:\/\/www.less-records.de\/wp-content\/uploads\/2021\/08\/garten02-scaled-100x100.jpg 100w, https:\/\/www.less-records.de\/wp-content\/uploads\/2021\/08\/garten02-150x150.jpg 150w, https:\/\/www.less-records.de\/wp-content\/uploads\/2021\/08\/garten02-scaled-600x600.jpg 600w, https:\/\/www.less-records.de\/wp-content\/uploads\/2021\/08\/garten02-scaled-400x400.jpg 400w\" sizes=\"(max-width: 350px) 100vw, 350px\" \/><\/div><\/div><\/div><\/div><div class=\"wpb_column vc_column_container\"><div class=\"vc_column-inner\"><div class=\"wpb_text_column\"><div class=\"wpb_wrapper\"><p><strong>Bandphoto C<\/strong>\u00a0(download below)<\/p>\n<\/div><\/div><div class=\"w-image align_none\"><div class=\"w-image-h\"><img decoding=\"async\" width=\"350\" height=\"350\" src=\"https:\/\/www.less-records.de\/wp-content\/uploads\/2021\/05\/Subterfuge-Bandphoto-Labor-HQ-Option-1-350x350.jpg\" class=\"attachment-us_350_350_crop size-us_350_350_crop\" alt=\"\" loading=\"lazy\" srcset=\"https:\/\/www.less-records.de\/wp-content\/uploads\/2021\/05\/Subterfuge-Bandphoto-Labor-HQ-Option-1-350x350.jpg 350w, https:\/\/www.less-records.de\/wp-content\/uploads\/2021\/05\/Subterfuge-Bandphoto-Labor-HQ-Option-1-300x300.jpg 300w, https:\/\/www.less-records.de\/wp-content\/uploads\/2021\/05\/Subterfuge-Bandphoto-Labor-HQ-Option-1-scaled-100x100.jpg 100w, https:\/\/www.less-records.de\/wp-content\/uploads\/2021\/05\/Subterfuge-Bandphoto-Labor-HQ-Option-1-150x150.jpg 150w, https:\/\/www.less-records.de\/wp-content\/uploads\/2021\/05\/Subterfuge-Bandphoto-Labor-HQ-Option-1-600x600.jpg 600w, https:\/\/www.less-records.de\/wp-content\/uploads\/2021\/05\/Subterfuge-Bandphoto-Labor-HQ-Option-1-scaled-400x400.jpg 400w\" sizes=\"(max-width: 350px) 100vw, 350px\" \/><\/div><\/div><\/div><\/div><\/div><\/div><\/section><section class=\"l-section wpb_row height_medium\"><div class=\"l-section-h i-cf\"><div class=\"g-cols vc_row via_grid cols_1 laptops-cols_inherit tablets-cols_inherit mobiles-cols_1 valign_top type_default stacking_default\"><div class=\"wpb_column vc_column_container\"><div class=\"vc_column-inner\"><div class=\"w-video align_none ratio_16x9 has_iframe\"><div class=\"w-video-h\"><iframe title=\"Youtube video player\" src=\"\/\/www.youtube.com\/embed\/jx87gNuJ5mA?autoplay=0&controls=1&origin=https:\/\/www.less-records.de\/de&loop=0&mute=0\" allowfullscreen=\"1\" loading=\"lazy\"><\/iframe><\/div><div class=\"w-video-icon\" style=\"font-size:1.5rem;background:rgba(0,0,0,0.5);color:#fff\"><\/div><\/div><\/div><\/div><\/div><\/div><\/section><section class=\"l-section wpb_row height_medium\"><div class=\"l-section-h i-cf\"><div class=\"g-cols vc_row via_grid cols_1 laptops-cols_inherit tablets-cols_inherit mobiles-cols_1 valign_top type_default stacking_default\"><div class=\"wpb_column vc_column_container\"><div class=\"vc_column-inner\"><div class=\"wpb_text_column\"><div class=\"wpb_wrapper\"><p><strong>Downloads:<\/strong><\/p>\n<p><a ref=\"magnificPopup\" href=\"https:\/\/www.less-records.de\/wp-content\/uploads\/2021\/12\/Subterfuge-Dots-Artwork-500x500-1.jpg\">Artwork 500&#215;500<\/a><\/p>\n<p><a ref=\"magnificPopup\" href=\"https:\/\/www.less-records.de\/wp-content\/uploads\/2021\/12\/dots-rgb-3000x3000-72dpi-scaled.jpg\">Artwork 3000&#215;3000<\/a><\/p>\n<p><a href=\"https:\/\/www.less-records.de\/wp-content\/uploads\/2021\/12\/Info-2021-12-DE-Dots-Album-final.pdf\">Press Release &amp; Short Bandbio (German)<\/a><\/p>\n<p><a href=\"https:\/\/www.less-records.de\/wp-content\/uploads\/2021\/12\/Info-2021-12-EN-Dots.pdf\">Press Release &amp; Bandbio (English)<\/a><\/p>\n<p><a href=\"https:\/\/www.less-records.de\/wp-content\/uploads\/2021\/08\/Info-2021-06-Band-History-v3.pdf\">Band History (long read for people who have some time ;o)<\/a><\/p>\n<p><a ref=\"magnificPopup\" href=\"https:\/\/www.less-records.de\/wp-content\/uploads\/2021\/12\/stresemann01-scaled.jpg\">Bandphoto Option A1<\/a> (Credits: Anika Potzler)<\/p>\n<p><a ref=\"magnificPopup\" href=\"https:\/\/www.less-records.de\/wp-content\/uploads\/2021\/12\/stresemann02-scaled.jpg\">Bandphoto Option A2<\/a> (Credits: Anika Potzler)<\/p>\n<p><a ref=\"magnificPopup\" href=\"https:\/\/www.less-records.de\/wp-content\/uploads\/2021\/08\/garten01b-scaled.jpg\">Bandphoto Option B1<\/a>\u00a0(Credits: Anika Potzler)<\/p>\n<p><a ref=\"magnificPopup\" href=\"https:\/\/www.less-records.de\/wp-content\/uploads\/2021\/08\/garten02-scaled.jpg\">Bandphoto Option B2<\/a>\u00a0(Credits: Anika Potzler)<\/p>\n<p><a ref=\"magnificPopup\" href=\"http:\/\/www.less-records.de\/wp-content\/uploads\/2021\/05\/Subterfuge-Bandphoto-Labor-HQ-Option-1.jpg\">Bandphoto Option C1<\/a>\u00a0(Credits: Thomas Stelzmann)<\/p>\n<p><a ref=\"magnificPopup\" href=\"http:\/\/www.less-records.de\/wp-content\/uploads\/2021\/05\/Subterfuge-Bandphoto-Labor-HQ-Option-2.jpg\">Bandphoto Option C2<\/a>\u00a0(Credits: Thomas Stelzmann)<\/p>\n<\/div><\/div><\/div><\/div><\/div><\/div><\/section><section class=\"l-section wpb_row height_medium\"><div class=\"l-section-h i-cf\"><div class=\"g-cols vc_row via_grid cols_1 laptops-cols_inherit tablets-cols_inherit mobiles-cols_1 valign_top type_default stacking_default\"><div class=\"wpb_column vc_column_container\"><div class=\"vc_column-inner\">\n\t<div class=\"wpb_raw_code wpb_raw_html wpb_content_element us_custom_909b2fd0\" >\n\t\t<div class=\"wpb_wrapper\">\n\t\t\t<iframe loading=\"lazy\" src=\"https:\/\/open.spotify.com\/embed\/playlist\/2mCSHAf7nIij2N4fNvbWU2\" width=\"100%\" height=\"380\" frameborder=\"0\" allowtransparency=\"true\" allow=\"encrypted-media\"><\/iframe>\n\n\t\t<\/div>\n\t<\/div>\n<\/div><\/div><\/div><\/div><\/section>","protected":false},"excerpt":{"rendered":"Subterfuge &#8211; Dots.(Album) (Vinyl LER0018 \/ CD LER0019 \/ Digital LER0020 \/ MC LER0025) Releasedate: 2022-03-04;\u00a0Airdate: 2021-03-04; LC: 93047 E-Mail-AdresseInstagramTwitterFacebookYouTube Subterfuge \u00b7 Dots. (Full Album Pre-Listen) 30 Jahre Subterfuge. 30 Jahre Indie-Pop aus D\u00fcsseldorf. Nach tausenden gelebten Geschichten und einem gemeinsamen Erwachsenwerden \u2013 miteinander, nebeneinander und f\u00fcreinander \u2013 erscheint jetzt das neue Album Dots. Dots....","protected":false},"author":2,"featured_media":0,"parent":6280,"menu_order":0,"comment_status":"closed","ping_status":"closed","template":"","meta":{"_acf_changed":false,"footnotes":""},"categories":[],"tags":[],"acf":[],"_links":{"self":[{"href":"https:\/\/www.less-records.de\/de\/wp-json\/wp\/v2\/pages\/7643"}],"collection":[{"href":"https:\/\/www.less-records.de\/de\/wp-json\/wp\/v2\/pages"}],"about":[{"href":"https:\/\/www.less-records.de\/de\/wp-json\/wp\/v2\/types\/page"}],"author":[{"embeddable":true,"href":"https:\/\/www.less-records.de\/de\/wp-json\/wp\/v2\/users\/2"}],"replies":[{"embeddable":true,"href":"https:\/\/www.less-records.de\/de\/wp-json\/wp\/v2\/comments?post=7643"}],"version-history":[{"count":25,"href":"https:\/\/www.less-records.de\/de\/wp-json\/wp\/v2\/pages\/7643\/revisions"}],"predecessor-version":[{"id":8272,"href":"https:\/\/www.less-records.de\/de\/wp-json\/wp\/v2\/pages\/7643\/revisions\/8272"}],"up":[{"embeddable":true,"href":"https:\/\/www.less-records.de\/de\/wp-json\/wp\/v2\/pages\/6280"}],"wp:attachment":[{"href":"https:\/\/www.less-records.de\/de\/wp-json\/wp\/v2\/media?parent=7643"}],"wp:term":[{"taxonomy":"category","embeddable":true,"href":"https:\/\/www.less-records.de\/de\/wp-json\/wp\/v2\/categories?post=7643"},{"taxonomy":"post_tag","embeddable":true,"href":"https:\/\/www.less-records.de\/de\/wp-json\/wp\/v2\/tags?post=7643"}],"curies":[{"name":"wp","href":"https:\/\/api.w.org\/{rel}","templated":true}]}}