{"id":6739,"date":"2020-03-07T12:21:33","date_gmt":"2020-03-07T12:21:33","guid":{"rendered":"https:\/\/www.less-records.de\/?page_id=6739"},"modified":"2025-04-19T07:50:18","modified_gmt":"2025-04-19T07:50:18","slug":"quent","status":"publish","type":"page","link":"https:\/\/www.less-records.de\/de\/quent\/","title":{"rendered":"Quent"},"content":{"rendered":"<section class=\"l-section wpb_row height_medium full_height valign_center color_secondary with_img parallax_ver\"><div class=\"l-section-img\" role=\"img\" data-img-width=\"1800\" data-img-height=\"1200\" style=\"background-image: url(https:\/\/www.less-records.de\/wp-content\/uploads\/2019\/09\/header_quent.jpg);\"><\/div><div class=\"l-section-h i-cf\"><div class=\"g-cols vc_row via_grid cols_1 laptops-cols_inherit tablets-cols_inherit mobiles-cols_1 valign_top type_default stacking_default\"><div class=\"wpb_column vc_column_container\"><div class=\"vc_column-inner\"><h1 style=\"font-size: 5rem;text-align: left\" class=\"vc_custom_heading vc_do_custom_heading us_custom_1ac58425\" >Quent<\/h1><div class=\"w-iconbox iconpos_top style_circle color_primary align_center no_text no_title\"><a href=\"#second\" class=\"w-iconbox-link\" aria-label=\"fas|chevron-down\"><div class=\"w-iconbox-icon\" style=\"font-size:24px;\"><i class=\"fas fa-chevron-down\"><\/i><\/div><\/a><div class=\"w-iconbox-meta\"><\/div><\/div><\/div><\/div><\/div><\/div><\/section><section class=\"l-section wpb_row height_large color_alternate\" id=\"second\"><div class=\"l-section-overlay\" style=\"background:#f5b3a8\"><\/div><div class=\"l-section-h i-cf\"><div class=\"g-cols vc_row via_grid cols_1 laptops-cols_inherit tablets-cols_inherit mobiles-cols_1 valign_top type_default stacking_default\"><div class=\"wpb_column vc_column_container\"><div class=\"vc_column-inner\"><div class=\"wpb_text_column\"><div class=\"wpb_wrapper\"><h2 style=\"text-align: center;\">First QUENT single in advance of upcoming album!<\/h2>\n<\/div><\/div><div class=\"w-separator size_medium with_line width_default thick_1 style_solid color_border align_center\"><div class=\"w-separator-h\"><\/div><\/div><div class=\"g-cols wpb_row via_grid cols_2 laptops-cols_inherit tablets-cols_inherit mobiles-cols_1 valign_top type_default stacking_default\" style=\"--gap:3rem;\"><div class=\"wpb_column vc_column_container\"><div class=\"vc_column-inner\"><div class=\"wpb_text_column\"><div class=\"wpb_wrapper\"><p>Braucht gute Musik die physische N\u00e4he ihrer Musiker? Definitiv nicht hier.<\/p>\n<p>Veit K\u00f6nig (Mikrovolt, K\u00f6ln) und Lars Schmidt (Subterfuge, D\u00fcsseldorf) haben sich in den letzten f\u00fcnfzehn Jahren nicht ein einziges Mal gesehen, kaum telefoniert. Stattdessen tauschten sie Ihre Parts per Email aus &#8211; immer nach demselben Muster: Komposition. Versand. Text. Gesang. Versand. Mix. Master. Fertig.<\/p>\n<p>Aus dieser digitalen Fernbeziehung sind zw\u00f6lf analoge Songs entstanden, die nach 80s, 20s, Synthpop, Minimal, Indie und allerlei mehr klingen und nun als selbstbetiteltes Debutalbum ver\u00f6ffentlicht werden.<\/p>\n<\/div><\/div>\n\t<div class=\"wpb_raw_code wpb_raw_html wpb_content_element us_custom_909b2fd0\" >\n\t\t<div class=\"wpb_wrapper\">\n\t\t\t<iframe loading=\"lazy\" src=\"https:\/\/open.spotify.com\/embed\/album\/589n1vkXoOZMwyYmBTU3iC\" width=\"100%\" height=\"280\" frameborder=\"0\" allowtransparency=\"true\" allow=\"encrypted-media\"><\/iframe>\n\n\t\t<\/div>\n\t<\/div>\n<\/div><\/div><div class=\"wpb_column vc_column_container\"><div class=\"vc_column-inner\"><div class=\"w-image align_none\"><div class=\"w-image-h\"><img decoding=\"async\" width=\"1024\" height=\"1024\" src=\"https:\/\/www.less-records.de\/wp-content\/uploads\/2025\/04\/Automat-3000x3000-1-1024x1024.jpg\" class=\"attachment-large size-large\" alt=\"\" loading=\"lazy\" srcset=\"https:\/\/www.less-records.de\/wp-content\/uploads\/2025\/04\/Automat-3000x3000-1-1024x1024.jpg 1024w, https:\/\/www.less-records.de\/wp-content\/uploads\/2025\/04\/Automat-3000x3000-1-300x300.jpg 300w, https:\/\/www.less-records.de\/wp-content\/uploads\/2025\/04\/Automat-3000x3000-1-150x150.jpg 150w, https:\/\/www.less-records.de\/wp-content\/uploads\/2025\/04\/Automat-3000x3000-1-12x12.jpg 12w, https:\/\/www.less-records.de\/wp-content\/uploads\/2025\/04\/Automat-3000x3000-1-350x350.jpg 350w, https:\/\/www.less-records.de\/wp-content\/uploads\/2025\/04\/Automat-3000x3000-1-600x600.jpg 600w, https:\/\/www.less-records.de\/wp-content\/uploads\/2025\/04\/Automat-3000x3000-1-768x768.jpg 768w, https:\/\/www.less-records.de\/wp-content\/uploads\/2025\/04\/Automat-3000x3000-1-450x450.jpg 450w, https:\/\/www.less-records.de\/wp-content\/uploads\/2025\/04\/Automat-3000x3000-1-225x225.jpg 225w, https:\/\/www.less-records.de\/wp-content\/uploads\/2025\/04\/Automat-3000x3000-1-500x500.jpg 500w, https:\/\/www.less-records.de\/wp-content\/uploads\/2025\/04\/Automat-3000x3000-1-400x400.jpg 400w, https:\/\/www.less-records.de\/wp-content\/uploads\/2025\/04\/Automat-3000x3000-1-100x100.jpg 100w\" sizes=\"(max-width: 1024px) 100vw, 1024px\" \/><\/div><\/div><div class=\"wpb_text_column\"><div class=\"wpb_wrapper\"><\/div><\/div><div class=\"w-socials us_custom_a6ceb248 color_text shape_circle style_outlined hover_fade\" style=\"--gap:0.1em;\"><div class=\"w-socials-list\"><div class=\"w-socials-item instagram\"><a target=\"_blank\" rel=\"nofollow\" href=\"https:\/\/www.instagram.com\/quentband\" class=\"w-socials-item-link\" title=\"Instagram\" aria-label=\"Instagram\"><span class=\"w-socials-item-link-hover\"><\/span><i class=\"fab fa-instagram\"><\/i><\/a><div class=\"w-socials-item-popup\"><span>Instagram<\/span><\/div><\/div><div class=\"w-socials-item youtube\"><a target=\"_blank\" rel=\"nofollow\" href=\"https:\/\/www.youtube.com\/playlist?list=PLI7e4KlsSOZ1-Pywnv2W1Xtf5acOfqria\" class=\"w-socials-item-link\" title=\"YouTube\" aria-label=\"YouTube\"><span class=\"w-socials-item-link-hover\"><\/span><i class=\"fab fa-youtube\"><\/i><\/a><div class=\"w-socials-item-popup\"><span>YouTube<\/span><\/div><\/div><div class=\"w-socials-item soundcloud\"><a target=\"_blank\" rel=\"nofollow\" href=\"https:\/\/soundcloud.com\/wearequent\" class=\"w-socials-item-link\" title=\"SoundCloud\" aria-label=\"SoundCloud\"><span class=\"w-socials-item-link-hover\"><\/span><i class=\"fab fa-soundcloud\"><\/i><\/a><div class=\"w-socials-item-popup\"><span>SoundCloud<\/span><\/div><\/div><div class=\"w-socials-item facebook\"><a href=\"https:\/\/www.facebook.com\/Quentband\" class=\"w-socials-item-link\" title=\"Facebook\" aria-label=\"Facebook\"><span class=\"w-socials-item-link-hover\"><\/span><i class=\"fab fa-facebook\"><\/i><\/a><div class=\"w-socials-item-popup\"><span>Facebook<\/span><\/div><\/div><\/div><\/div><\/div><\/div><\/div><\/div><\/div><\/div><\/div><\/section><section class=\"l-section wpb_row height_medium full_height valign_center with_img\"><div class=\"l-section-img\" role=\"img\" data-img-width=\"1800\" data-img-height=\"840\" style=\"background-image: url(https:\/\/www.less-records.de\/wp-content\/uploads\/2020\/02\/quent-band.jpg);\"><\/div><div class=\"l-section-h i-cf\"><div class=\"g-cols vc_row via_grid cols_1 laptops-cols_inherit tablets-cols_inherit mobiles-cols_1 valign_top type_default stacking_default\"><div class=\"wpb_column vc_column_container\"><div class=\"vc_column-inner\"><\/div><\/div><\/div><\/div><\/section><section class=\"l-section wpb_row height_small\" id=\"third\"><div class=\"l-section-h i-cf\"><div class=\"g-cols vc_row via_grid cols_1 laptops-cols_inherit tablets-cols_inherit mobiles-cols_1 valign_top type_default stacking_default\"><div class=\"wpb_column vc_column_container\"><div class=\"vc_column-inner\"><div class=\"wpb_text_column\"><div class=\"wpb_wrapper\"><h2 style=\"text-align: center;\">Reviews<\/h2>\n<\/div><\/div><div class=\"w-separator size_medium with_line width_default thick_1 style_solid color_border align_center\"><div class=\"w-separator-h\"><\/div><\/div><div class=\"g-cols wpb_row via_grid cols_3 laptops-cols_inherit tablets-cols_inherit mobiles-cols_1 valign_top type_default stacking_default\" style=\"--gap:3rem;\"><div class=\"wpb_column vc_column_container\"><div class=\"vc_column-inner\"><div class=\"wpb_text_column\"><div class=\"wpb_wrapper\"><h3>\u201eErinnert an die neue Deutsche Welle rund um Der Plan. Es kann aber auch Kraut, Elektro, Rock&#8217;n Roll.\u00a0Ich hatte 3 oder vier Songs, die ich hier liebend gern gespielt h\u00e4tte.\u201d<\/h3>\n<p>Klaus Fiehe<\/p>\n<\/div><\/div><div class=\"w-separator size_small\"><\/div><\/div><\/div><div class=\"wpb_column vc_column_container\"><div class=\"vc_column-inner\"><div class=\"wpb_text_column\"><div class=\"wpb_wrapper\"><h3>\u201eErstaunliche Pop-Affinit\u00e4t, so ist ein fantastischer Song wie R\u00fcckw\u00e4rtsevolution entstanden\u201d<\/h3>\n<p>Rheinische Post<\/p>\n<\/div><\/div><\/div><\/div><div class=\"wpb_column vc_column_container\"><div class=\"vc_column-inner\"><div class=\"wpb_text_column\"><div class=\"wpb_wrapper\"><h3>\u201eSongs wie Batteriebetrieb oder auch R\u00fcckw\u00e4rtsevolution haben absolutes Hitpotenzial\u201d<\/h3>\n<p>NRZ<\/p>\n<\/div><\/div><div class=\"w-separator size_small\"><\/div><\/div><\/div><\/div><div class=\"w-separator size_medium\"><\/div><\/div><\/div><\/div><\/div><\/section><section class=\"l-section wpb_row height_large width_full\" id=\"third\"><div class=\"l-section-h i-cf\"><div class=\"g-cols vc_row via_grid cols_1 laptops-cols_inherit tablets-cols_inherit mobiles-cols_1 valign_top type_default stacking_default\"><div class=\"wpb_column vc_column_container align_center\"><div class=\"vc_column-inner\"><div class=\"wpb_text_column\"><div class=\"wpb_wrapper\"><h2>News<\/h2>\n<\/div><\/div><div class=\"w-separator size_medium with_line width_30 thick_1 style_solid color_border align_center\"><div class=\"w-separator-h\"><\/div><\/div><div class=\"w-grid us_custom_d5e842d5 type_grid layout_6452 cols_4 ratio_4x3\" id=\"us_grid_1\" style=\"--gap:0.5rem;\" data-filterable=\"true\"><style>@media (max-width:1280px){#us_grid_1 .w-grid-item{width:33.3333%}#us_grid_1 .w-grid-item.size_2x1,#us_grid_1 .w-grid-item.size_2x2{width:66.6667%}}@media (max-width:1024px){#us_grid_1 .w-grid-item{width:50%}#us_grid_1 .w-grid-item.size_2x1,#us_grid_1 .w-grid-item.size_2x2{width:100%}}@media (max-width:600px){#us_grid_1 .w-grid-list{margin:0}#us_grid_1 .w-grid-item{width:100%;padding:0;margin-bottom:var(--gap,0px)}}.layout_6452 .w-grid-item-h:before{padding-bottom:75%}@media (min-width:601px){.layout_6452 .w-grid-item.size_1x2 .w-grid-item-h:before{padding-bottom:calc(150% + var(--gap,0px) * 2)}.layout_6452 .w-grid-item.size_2x1 .w-grid-item-h:before{padding-bottom:calc(37.5% - var(--gap,0px) * 0.75)}.layout_6452 .w-grid-item.size_2x2 .w-grid-item-h:before{padding-bottom:calc(75% - var(--gap,0px) * -0.5)}}.layout_6452 .w-grid-item-h{background:#f5b3a8;color:#ffffff}.layout_6452 .usg_post_image_1{transition-duration:0.35s;transform:scale(1) translate(0%,0%)}.layout_6452 .w-grid-item-h:hover .usg_post_image_1{transform:scale(1.1) translate(0%,0%);opacity:0.1}.layout_6452 .usg_post_image_1{position:absolute!important;top:0!important;right:0!important;bottom:0!important;left:0!important}.layout_6452 .usg_vwrapper_1{position:absolute!important;right:0!important;bottom:0!important;left:0!important;background:linear-gradient(180deg,rgba(0,0,0,0),#520a4c)!important;padding:4rem 2rem 1.5rem 2rem!important}.layout_6452 .usg_post_title_1{font-size:1.5rem!important;font-weight:700!important;color:#f5b3a8!important}<\/style><div class=\"w-grid-list\">\t<article class=\"w-grid-item size_1x1 post-10463 post type-post status-publish format-standard has-post-thumbnail hentry category-uncategorized\" data-id=\"10463\">\r\n\t\t<div class=\"w-grid-item-h\">\r\n\t\t\t\t\t\t\t<a href=\"https:\/\/www.less-records.de\/de\/piano-days-dusseldorf\/\" class=\"w-grid-item-anchor\" aria-label=\"Piano Days D\u00fcsseldorf 26\"><\/a>\r\n\t\t\t\t\t\t<div class=\"w-post-elm post_image usg_post_image_1 stretched\"><img loading=\"lazy\" decoding=\"async\" width=\"1024\" height=\"610\" src=\"https:\/\/www.less-records.de\/wp-content\/uploads\/2026\/02\/Banner_4_tagealle_artists-1024x610.jpg\" class=\"attachment-large size-large wp-post-image\" alt=\"\" srcset=\"https:\/\/www.less-records.de\/wp-content\/uploads\/2026\/02\/Banner_4_tagealle_artists-1024x610.jpg 1024w, https:\/\/www.less-records.de\/wp-content\/uploads\/2026\/02\/Banner_4_tagealle_artists-300x179.jpg 300w, https:\/\/www.less-records.de\/wp-content\/uploads\/2026\/02\/Banner_4_tagealle_artists-18x12.jpg 18w, https:\/\/www.less-records.de\/wp-content\/uploads\/2026\/02\/Banner_4_tagealle_artists-768x457.jpg 768w, https:\/\/www.less-records.de\/wp-content\/uploads\/2026\/02\/Banner_4_tagealle_artists-755x450.jpg 755w, https:\/\/www.less-records.de\/wp-content\/uploads\/2026\/02\/Banner_4_tagealle_artists-378x225.jpg 378w, https:\/\/www.less-records.de\/wp-content\/uploads\/2026\/02\/Banner_4_tagealle_artists-839x500.jpg 839w, https:\/\/www.less-records.de\/wp-content\/uploads\/2026\/02\/Banner_4_tagealle_artists-600x357.jpg 600w\" sizes=\"(max-width: 1024px) 100vw, 1024px\" \/><\/div><div class=\"w-vwrapper usg_vwrapper_1 align_left valign_top\"><h2 class=\"w-post-elm post_title usg_post_title_1 has_text_color entry-title color_link_inherit\"><a href=\"https:\/\/www.less-records.de\/de\/piano-days-dusseldorf\/\">Piano Days D\u00fcsseldorf 26<\/a><\/h2><\/div>\t\t<\/div>\r\n\t\t\t<\/article>\r\n\t<article class=\"w-grid-item size_1x1 post-9453 post type-post status-publish format-standard has-post-thumbnail hentry category-uncategorized\" data-id=\"9453\">\r\n\t\t<div class=\"w-grid-item-h\">\r\n\t\t\t\t\t\t\t<a href=\"https:\/\/www.less-records.de\/de\/tom-blankenberg-salon-des-amateurs-21-01-2026\/\" class=\"w-grid-item-anchor\" aria-label=\"Tom Blankenberg &#8211; Salon des Amateurs, 21.01.2026\"><\/a>\r\n\t\t\t\t\t\t<div class=\"w-post-elm post_image usg_post_image_1 stretched\"><img loading=\"lazy\" decoding=\"async\" width=\"1024\" height=\"683\" src=\"https:\/\/www.less-records.de\/wp-content\/uploads\/2026\/01\/TB_Salon_Invert_breit-1024x683.jpg\" class=\"attachment-large size-large wp-post-image\" alt=\"\" srcset=\"https:\/\/www.less-records.de\/wp-content\/uploads\/2026\/01\/TB_Salon_Invert_breit-1024x683.jpg 1024w, https:\/\/www.less-records.de\/wp-content\/uploads\/2026\/01\/TB_Salon_Invert_breit-300x200.jpg 300w, https:\/\/www.less-records.de\/wp-content\/uploads\/2026\/01\/TB_Salon_Invert_breit-18x12.jpg 18w, https:\/\/www.less-records.de\/wp-content\/uploads\/2026\/01\/TB_Salon_Invert_breit-768x512.jpg 768w, https:\/\/www.less-records.de\/wp-content\/uploads\/2026\/01\/TB_Salon_Invert_breit-674x450.jpg 674w, https:\/\/www.less-records.de\/wp-content\/uploads\/2026\/01\/TB_Salon_Invert_breit-337x225.jpg 337w, https:\/\/www.less-records.de\/wp-content\/uploads\/2026\/01\/TB_Salon_Invert_breit-749x500.jpg 749w, https:\/\/www.less-records.de\/wp-content\/uploads\/2026\/01\/TB_Salon_Invert_breit-600x400.jpg 600w, https:\/\/www.less-records.de\/wp-content\/uploads\/2026\/01\/TB_Salon_Invert_breit.jpg 1274w\" sizes=\"(max-width: 1024px) 100vw, 1024px\" \/><\/div><div class=\"w-vwrapper usg_vwrapper_1 align_left valign_top\"><h2 class=\"w-post-elm post_title usg_post_title_1 has_text_color entry-title color_link_inherit\"><a href=\"https:\/\/www.less-records.de\/de\/tom-blankenberg-salon-des-amateurs-21-01-2026\/\">Tom Blankenberg &#8211; Salon des Amateurs, 21.01.2026<\/a><\/h2><\/div>\t\t<\/div>\r\n\t\t\t<\/article>\r\n\t<article class=\"w-grid-item size_1x1 post-9423 post type-post status-publish format-standard has-post-thumbnail hentry category-uncategorized\" data-id=\"9423\">\r\n\t\t<div class=\"w-grid-item-h\">\r\n\t\t\t\t\t\t\t<a href=\"https:\/\/www.less-records.de\/de\/2025-goodbye-and-hello-2026\/\" class=\"w-grid-item-anchor\" aria-label=\"2025 goodbye and hello 2026.\"><\/a>\r\n\t\t\t\t\t\t<div class=\"w-post-elm post_image usg_post_image_1 stretched\"><img loading=\"lazy\" decoding=\"async\" width=\"700\" height=\"700\" src=\"https:\/\/www.less-records.de\/wp-content\/uploads\/2026\/01\/01-less-records2026r.jpg\" class=\"attachment-large size-large wp-post-image\" alt=\"\" srcset=\"https:\/\/www.less-records.de\/wp-content\/uploads\/2026\/01\/01-less-records2026r.jpg 700w, https:\/\/www.less-records.de\/wp-content\/uploads\/2026\/01\/01-less-records2026r-300x300.jpg 300w, https:\/\/www.less-records.de\/wp-content\/uploads\/2026\/01\/01-less-records2026r-150x150.jpg 150w, https:\/\/www.less-records.de\/wp-content\/uploads\/2026\/01\/01-less-records2026r-12x12.jpg 12w, https:\/\/www.less-records.de\/wp-content\/uploads\/2026\/01\/01-less-records2026r-350x350.jpg 350w, https:\/\/www.less-records.de\/wp-content\/uploads\/2026\/01\/01-less-records2026r-600x600.jpg 600w, https:\/\/www.less-records.de\/wp-content\/uploads\/2026\/01\/01-less-records2026r-450x450.jpg 450w, https:\/\/www.less-records.de\/wp-content\/uploads\/2026\/01\/01-less-records2026r-225x225.jpg 225w, https:\/\/www.less-records.de\/wp-content\/uploads\/2026\/01\/01-less-records2026r-500x500.jpg 500w, https:\/\/www.less-records.de\/wp-content\/uploads\/2026\/01\/01-less-records2026r-400x400.jpg 400w, https:\/\/www.less-records.de\/wp-content\/uploads\/2026\/01\/01-less-records2026r-100x100.jpg 100w\" sizes=\"(max-width: 700px) 100vw, 700px\" \/><\/div><div class=\"w-vwrapper usg_vwrapper_1 align_left valign_top\"><h2 class=\"w-post-elm post_title usg_post_title_1 has_text_color entry-title color_link_inherit\"><a href=\"https:\/\/www.less-records.de\/de\/2025-goodbye-and-hello-2026\/\">2025 goodbye and hello 2026.<\/a><\/h2><\/div>\t\t<\/div>\r\n\t\t\t<\/article>\r\n\t<article class=\"w-grid-item size_1x1 post-9412 post type-post status-publish format-standard has-post-thumbnail hentry category-uncategorized\" data-id=\"9412\">\r\n\t\t<div class=\"w-grid-item-h\">\r\n\t\t\t\t\t\t\t<a href=\"https:\/\/www.less-records.de\/de\/tom-blankenbergs-music-video-slas-won-best-music-video-award-at-oslo-filmfest\/\" class=\"w-grid-item-anchor\" aria-label=\"Tom Blankenbergs Music Video SLAS won Best Music Video Award at Oslo Filmfest\"><\/a>\r\n\t\t\t\t\t\t<div class=\"w-post-elm post_image usg_post_image_1 stretched\"><img loading=\"lazy\" decoding=\"async\" width=\"1024\" height=\"576\" src=\"https:\/\/www.less-records.de\/wp-content\/uploads\/2025\/11\/Bildschirmfoto-2025-11-13-um-14.53.26.png\" class=\"attachment-large size-large wp-post-image\" alt=\"\" srcset=\"https:\/\/www.less-records.de\/wp-content\/uploads\/2025\/11\/Bildschirmfoto-2025-11-13-um-14.53.26.png 1025w, https:\/\/www.less-records.de\/wp-content\/uploads\/2025\/11\/Bildschirmfoto-2025-11-13-um-14.53.26-300x169.png 300w, https:\/\/www.less-records.de\/wp-content\/uploads\/2025\/11\/Bildschirmfoto-2025-11-13-um-14.53.26-18x10.png 18w, https:\/\/www.less-records.de\/wp-content\/uploads\/2025\/11\/Bildschirmfoto-2025-11-13-um-14.53.26-768x432.png 768w, https:\/\/www.less-records.de\/wp-content\/uploads\/2025\/11\/Bildschirmfoto-2025-11-13-um-14.53.26-800x450.png 800w, https:\/\/www.less-records.de\/wp-content\/uploads\/2025\/11\/Bildschirmfoto-2025-11-13-um-14.53.26-400x225.png 400w, https:\/\/www.less-records.de\/wp-content\/uploads\/2025\/11\/Bildschirmfoto-2025-11-13-um-14.53.26-888x500.png 888w, https:\/\/www.less-records.de\/wp-content\/uploads\/2025\/11\/Bildschirmfoto-2025-11-13-um-14.53.26-600x338.png 600w\" sizes=\"(max-width: 1024px) 100vw, 1024px\" \/><\/div><div class=\"w-vwrapper usg_vwrapper_1 align_left valign_top\"><h2 class=\"w-post-elm post_title usg_post_title_1 has_text_color entry-title color_link_inherit\"><a href=\"https:\/\/www.less-records.de\/de\/tom-blankenbergs-music-video-slas-won-best-music-video-award-at-oslo-filmfest\/\">Tom Blankenbergs Music Video SLAS won Best Music Video Award at Oslo Filmfest<\/a><\/h2><\/div>\t\t<\/div>\r\n\t\t\t<\/article>\r\n<\/div><div class=\"w-grid-preloader\">\t<div class=\"g-preloader type_1\">\r\n\t\t<div><\/div>\r\n\t<\/div>\r\n\t<\/div>\t<div class=\"w-grid-json hidden\" onclick='return {&quot;action&quot;:&quot;us_ajax_grid&quot;,&quot;infinite_scroll&quot;:0,&quot;max_num_pages&quot;:17,&quot;pagination&quot;:&quot;none&quot;,&quot;template_vars&quot;:{&quot;columns&quot;:&quot;4&quot;,&quot;exclude_items&quot;:&quot;none&quot;,&quot;img_size&quot;:&quot;default&quot;,&quot;ignore_items_size&quot;:0,&quot;items_layout&quot;:&quot;6452&quot;,&quot;items_offset&quot;:&quot;1&quot;,&quot;load_animation&quot;:&quot;none&quot;,&quot;overriding_link&quot;:&quot;%7B%22type%22%3A%22post%22%7D&quot;,&quot;post_id&quot;:0,&quot;query_args&quot;:{&quot;post_type&quot;:[&quot;post&quot;],&quot;post_status&quot;:[&quot;publish&quot;,&quot;acf-disabled&quot;],&quot;posts_per_page&quot;:&quot;4&quot;},&quot;orderby_query_args&quot;:{&quot;orderby&quot;:{&quot;date&quot;:&quot;DESC&quot;}},&quot;type&quot;:&quot;grid&quot;,&quot;us_grid_post_type&quot;:&quot;post&quot;,&quot;us_grid_ajax_index&quot;:1,&quot;us_grid_filter_params&quot;:[],&quot;us_grid_index&quot;:1,&quot;page_args&quot;:[]}}'><\/div>\r\n\t<\/div><\/div><\/div><\/div><\/div><\/section>","protected":false},"excerpt":{"rendered":"Tom Blankenbergs Music Video SLAS just won Best Music Video Award at Oslo Filmfest. Congratulations:)","protected":false},"author":1,"featured_media":6787,"parent":0,"menu_order":-2,"comment_status":"closed","ping_status":"closed","template":"","meta":{"_acf_changed":false,"footnotes":""},"categories":[],"tags":[108],"acf":[],"_links":{"self":[{"href":"https:\/\/www.less-records.de\/de\/wp-json\/wp\/v2\/pages\/6739"}],"collection":[{"href":"https:\/\/www.less-records.de\/de\/wp-json\/wp\/v2\/pages"}],"about":[{"href":"https:\/\/www.less-records.de\/de\/wp-json\/wp\/v2\/types\/page"}],"author":[{"embeddable":true,"href":"https:\/\/www.less-records.de\/de\/wp-json\/wp\/v2\/users\/1"}],"replies":[{"embeddable":true,"href":"https:\/\/www.less-records.de\/de\/wp-json\/wp\/v2\/comments?post=6739"}],"version-history":[{"count":28,"href":"https:\/\/www.less-records.de\/de\/wp-json\/wp\/v2\/pages\/6739\/revisions"}],"predecessor-version":[{"id":9147,"href":"https:\/\/www.less-records.de\/de\/wp-json\/wp\/v2\/pages\/6739\/revisions\/9147"}],"wp:featuredmedia":[{"embeddable":true,"href":"https:\/\/www.less-records.de\/de\/wp-json\/wp\/v2\/media\/6787"}],"wp:attachment":[{"href":"https:\/\/www.less-records.de\/de\/wp-json\/wp\/v2\/media?parent=6739"}],"wp:term":[{"taxonomy":"category","embeddable":true,"href":"https:\/\/www.less-records.de\/de\/wp-json\/wp\/v2\/categories?post=6739"},{"taxonomy":"post_tag","embeddable":true,"href":"https:\/\/www.less-records.de\/de\/wp-json\/wp\/v2\/tags?post=6739"}],"curies":[{"name":"wp","href":"https:\/\/api.w.org\/{rel}","templated":true}]}}